{"id":1507,"date":"2021-03-02T13:39:25","date_gmt":"2021-03-02T13:39:25","guid":{"rendered":"https:\/\/lyrsta.se\/retreats\/"},"modified":"2023-05-16T06:13:41","modified_gmt":"2023-05-16T06:13:41","slug":"retreats","status":"publish","type":"page","link":"https:\/\/lyrsta.se\/de\/retreats\/","title":{"rendered":"Retreats"},"content":{"rendered":"\t\t<div data-elementor-type=\"wp-page\" data-elementor-id=\"1507\" class=\"elementor elementor-1507 elementor-251\">\n\t\t\t\t\t\t<div class=\"elementor-inner\">\n\t\t\t\t<div class=\"elementor-section-wrap\">\n\t\t\t\t\t\t\t\t\t<section class=\"elementor-section elementor-top-section elementor-element elementor-element-fa65650 elementor-section-boxed elementor-section-height-default elementor-section-height-default\" data-id=\"fa65650\" data-element_type=\"section\">\n\t\t\t\t\t\t<div class=\"elementor-container elementor-column-gap-default\">\n\t\t\t\t\t\t\t<div class=\"elementor-row\">\n\t\t\t\t\t<div class=\"elementor-column elementor-col-100 elementor-top-column elementor-element elementor-element-af6508e\" data-id=\"af6508e\" data-element_type=\"column\">\n\t\t\t<div class=\"elementor-column-wrap elementor-element-populated\">\n\t\t\t\t\t\t\t<div class=\"elementor-widget-wrap\">\n\t\t\t\t\t\t<div class=\"elementor-element elementor-element-2c4456a elementor-widget elementor-widget-heading\" data-id=\"2c4456a\" data-element_type=\"widget\" data-widget_type=\"heading.default\">\n\t\t\t\t<div class=\"elementor-widget-container\">\n\t\t\t<h2 class=\"elementor-heading-title elementor-size-default\">Retreats bei Lyrsta R B&B<\/h2>\t\t<\/div>\n\t\t\t\t<\/div>\n\t\t\t\t\t\t<\/div>\n\t\t\t\t\t<\/div>\n\t\t<\/div>\n\t\t\t\t\t\t\t\t<\/div>\n\t\t\t\t\t<\/div>\n\t\t<\/section>\n\t\t\t\t<section class=\"elementor-section elementor-top-section elementor-element elementor-element-8cb81d1 elementor-section-boxed elementor-section-height-default elementor-section-height-default\" data-id=\"8cb81d1\" data-element_type=\"section\">\n\t\t\t\t\t\t<div class=\"elementor-container elementor-column-gap-default\">\n\t\t\t\t\t\t\t<div class=\"elementor-row\">\n\t\t\t\t\t<div class=\"elementor-column elementor-col-50 elementor-top-column elementor-element elementor-element-e812f79\" data-id=\"e812f79\" data-element_type=\"column\">\n\t\t\t<div class=\"elementor-column-wrap elementor-element-populated\">\n\t\t\t\t\t\t\t<div class=\"elementor-widget-wrap\">\n\t\t\t\t\t\t<div class=\"elementor-element elementor-element-b2b9525 elementor-widget elementor-widget-text-editor\" data-id=\"b2b9525\" data-element_type=\"widget\" data-widget_type=\"text-editor.default\">\n\t\t\t\t<div class=\"elementor-widget-container\">\n\t\t\t\t\t\t\t\t<div class=\"elementor-text-editor elementor-clearfix\">\n\t\t\t\t<p>Dem W\u00f6rterbuch zufolge bezeichnet Retreat (englisch f\u00fcr \u201eR\u00fcckzug\u201c) eine Praxis aus dem christlichen Umfeld, bei der man sich in Ruhe und Stille f\u00fcr einen oder mehrere Tage zur\u00fcckzieht, oft in einer geleiteten Gruppe.<\/p><p>Hier bei Lyrsta R B&amp;B ist es nur die Fantasie, die Grenzen setzt! In unserem Idyll k\u00f6nnen wir fast alles anbieten.<\/p><p>Es gibt zwei gro\u00dfe Gemeinschaftsr\u00e4ume, die hervorragend f\u00fcr gr\u00f6\u00dfere Gruppen geeignet sind. Zum einen den gro\u00dfz\u00fcgig dimensionierten Gesellschaftsraum im Erdgeschoss mit einem Kamin, der an dunklen Herbstabenden angenehm w\u00e4rmt. Hier werden s\u00e4mtliche Mahlzeiten serviert. Im Obergeschoss befindet sich eine gro\u00dfe Fl\u00e4che, die sich f\u00fcr verschiedenste Gruppenaktivit\u00e4ten eignet, wie beispielsweise Yoga oder Mindfulness.<\/p><p>Dar\u00fcber hinaus laden unser fantastischer Garten und die herrliche Umgebung rund um den G\u00f6ta-Kanal zu Inspiration und Spazierg\u00e4ngen ein.<\/p><p>Wenn Sie interessiert daran sind, hier bei uns Retreats oder Kurse zu veranstalten, k\u00f6nnen Sie sich gern an uns wenden.<\/p><p><a href=\"https:\/\/lyrsta.se\/de\/kontakt-och-hitta-hit\/\">Kontakt <\/a><\/p>\t\t\t\t\t<\/div>\n\t\t\t\t\t\t<\/div>\n\t\t\t\t<\/div>\n\t\t\t\t\t\t<\/div>\n\t\t\t\t\t<\/div>\n\t\t<\/div>\n\t\t\t\t<div class=\"elementor-column elementor-col-50 elementor-top-column elementor-element elementor-element-16bf50e\" data-id=\"16bf50e\" data-element_type=\"column\">\n\t\t\t<div class=\"elementor-column-wrap elementor-element-populated\">\n\t\t\t\t\t\t\t<div class=\"elementor-widget-wrap\">\n\t\t\t\t\t\t<div class=\"elementor-element elementor-element-b498a5f elementor-widget elementor-widget-image\" data-id=\"b498a5f\" data-element_type=\"widget\" data-widget_type=\"image.default\">\n\t\t\t\t<div class=\"elementor-widget-container\">\n\t\t\t\t\t\t\t\t<div class=\"elementor-image\">\n\t\t\t\t\t\t\t\t\t\t\t\t<img loading=\"lazy\" decoding=\"async\" width=\"640\" height=\"480\" src=\"https:\/\/lyrsta.se\/wp-content\/uploads\/2021\/04\/Altandack-i-gryning-host.jpg\" class=\"attachment-medium_large size-medium_large wp-image-414\" alt=\"\" srcset=\"https:\/\/lyrsta.se\/wp-content\/uploads\/2021\/04\/Altandack-i-gryning-host.jpg 640w, https:\/\/lyrsta.se\/wp-content\/uploads\/2021\/04\/Altandack-i-gryning-host-300x225.jpg 300w\" sizes=\"auto, (max-width: 640px) 100vw, 640px\" \/>\t\t\t\t\t\t\t\t\t\t\t\t\t\t<\/div>\n\t\t\t\t\t\t<\/div>\n\t\t\t\t<\/div>\n\t\t\t\t\t\t<\/div>\n\t\t\t\t\t<\/div>\n\t\t<\/div>\n\t\t\t\t\t\t\t\t<\/div>\n\t\t\t\t\t<\/div>\n\t\t<\/section>\n\t\t\t\t<section class=\"elementor-section elementor-top-section elementor-element elementor-element-c957170 elementor-section-boxed elementor-section-height-default elementor-section-height-default\" data-id=\"c957170\" data-element_type=\"section\">\n\t\t\t\t\t\t<div class=\"elementor-container elementor-column-gap-default\">\n\t\t\t\t\t\t\t<div class=\"elementor-row\">\n\t\t\t\t\t<div class=\"elementor-column elementor-col-100 elementor-top-column elementor-element elementor-element-7c0c773\" data-id=\"7c0c773\" data-element_type=\"column\">\n\t\t\t<div class=\"elementor-column-wrap elementor-element-populated\">\n\t\t\t\t\t\t\t<div class=\"elementor-widget-wrap\">\n\t\t\t\t\t\t<div class=\"elementor-element elementor-element-a4b0705 elementor-widget elementor-widget-heading\" data-id=\"a4b0705\" data-element_type=\"widget\" data-widget_type=\"heading.default\">\n\t\t\t\t<div class=\"elementor-widget-container\">\n\t\t\t<h2 class=\"elementor-heading-title elementor-size-default\">Kommende Retreats<\/h2>\t\t<\/div>\n\t\t\t\t<\/div>\n\t\t\t\t\t\t<\/div>\n\t\t\t\t\t<\/div>\n\t\t<\/div>\n\t\t\t\t\t\t\t\t<\/div>\n\t\t\t\t\t<\/div>\n\t\t<\/section>\n\t\t\t\t\t\t\t\t\t<\/div>\n\t\t\t<\/div>\n\t\t\t\t\t<\/div>\n\t\t","protected":false},"excerpt":{"rendered":"<p>Retreats bei Lyrsta R B&#038;B Dem W\u00f6rterbuch zufolge bezeichnet Retreat (englisch f\u00fcr \u201eR\u00fcckzug\u201c) eine Praxis aus dem christlichen Umfeld, bei der man sich in Ruhe und Stille f\u00fcr einen oder mehrere Tage zur\u00fcckzieht, oft in einer geleiteten Gruppe. Hier bei Lyrsta R B&amp;B ist es nur die Fantasie, die Grenzen setzt! In unserem Idyll k\u00f6nnen [&hellip;]<\/p>\n","protected":false},"author":1,"featured_media":0,"parent":0,"menu_order":0,"comment_status":"closed","ping_status":"closed","template":"elementor_header_footer","meta":{"footnotes":""},"class_list":["post-1507","page","type-page","status-publish","hentry"],"yoast_head":"<!-- This site is optimized with the Yoast SEO plugin v20.8 - https:\/\/yoast.com\/wordpress\/plugins\/seo\/ -->\n<title>Retreats &bull; Lyrsta R B&amp;B<\/title>\n<meta name=\"robots\" content=\"index, follow, max-snippet:-1, max-image-preview:large, max-video-preview:-1\" \/>\n<link rel=\"canonical\" href=\"https:\/\/lyrsta.se\/de\/retreats\/\" \/>\n<meta property=\"og:locale\" content=\"de_DE\" \/>\n<meta property=\"og:type\" content=\"article\" \/>\n<meta property=\"og:title\" content=\"Retreats &bull; Lyrsta R B&amp;B\" \/>\n<meta property=\"og:description\" content=\"Retreats bei Lyrsta R B&#038;B Dem W\u00f6rterbuch zufolge bezeichnet Retreat (englisch f\u00fcr \u201eR\u00fcckzug\u201c) eine Praxis aus dem christlichen Umfeld, bei der man sich in Ruhe und Stille f\u00fcr einen oder mehrere Tage zur\u00fcckzieht, oft in einer geleiteten Gruppe. Hier bei Lyrsta R B&amp;B ist es nur die Fantasie, die Grenzen setzt! In unserem Idyll k\u00f6nnen [&hellip;]\" \/>\n<meta property=\"og:url\" content=\"https:\/\/lyrsta.se\/de\/retreats\/\" \/>\n<meta property=\"og:site_name\" content=\"Lyrsta R B&amp;B\" \/>\n<meta property=\"article:modified_time\" content=\"2023-05-16T06:13:41+00:00\" \/>\n<meta property=\"og:image\" content=\"https:\/\/lyrsta.se\/wp-content\/uploads\/2021\/04\/Altandack-i-gryning-host.jpg\" \/>\n<meta name=\"twitter:card\" content=\"summary_large_image\" \/>\n<meta name=\"twitter:label1\" content=\"Gesch\u00e4tzte Lesezeit\" \/>\n\t<meta name=\"twitter:data1\" content=\"2\u00a0Minuten\" \/>\n<script type=\"application\/ld+json\" class=\"yoast-schema-graph\">{\"@context\":\"https:\/\/schema.org\",\"@graph\":[{\"@type\":\"WebPage\",\"@id\":\"https:\/\/lyrsta.se\/de\/retreats\/\",\"url\":\"https:\/\/lyrsta.se\/de\/retreats\/\",\"name\":\"Retreats &bull; Lyrsta R B&amp;B\",\"isPartOf\":{\"@id\":\"https:\/\/lyrsta.se\/de\/#website\"},\"datePublished\":\"2021-03-02T13:39:25+00:00\",\"dateModified\":\"2023-05-16T06:13:41+00:00\",\"breadcrumb\":{\"@id\":\"https:\/\/lyrsta.se\/de\/retreats\/#breadcrumb\"},\"inLanguage\":\"de\",\"potentialAction\":[{\"@type\":\"ReadAction\",\"target\":[\"https:\/\/lyrsta.se\/de\/retreats\/\"]}]},{\"@type\":\"BreadcrumbList\",\"@id\":\"https:\/\/lyrsta.se\/de\/retreats\/#breadcrumb\",\"itemListElement\":[{\"@type\":\"ListItem\",\"position\":1,\"name\":\"Hem\",\"item\":\"https:\/\/lyrsta.se\/de\/\"},{\"@type\":\"ListItem\",\"position\":2,\"name\":\"Retreats\"}]},{\"@type\":\"WebSite\",\"@id\":\"https:\/\/lyrsta.se\/de\/#website\",\"url\":\"https:\/\/lyrsta.se\/de\/\",\"name\":\"Lyrsta R B&amp;B\",\"description\":\"lyrsta\",\"publisher\":{\"@id\":\"https:\/\/lyrsta.se\/de\/#organization\"},\"potentialAction\":[{\"@type\":\"SearchAction\",\"target\":{\"@type\":\"EntryPoint\",\"urlTemplate\":\"https:\/\/lyrsta.se\/de\/?s={search_term_string}\"},\"query-input\":\"required name=search_term_string\"}],\"inLanguage\":\"de\"},{\"@type\":\"Organization\",\"@id\":\"https:\/\/lyrsta.se\/de\/#organization\",\"name\":\"Lyrsta R B&B\",\"url\":\"https:\/\/lyrsta.se\/de\/\",\"logo\":{\"@type\":\"ImageObject\",\"inLanguage\":\"de\",\"@id\":\"https:\/\/lyrsta.se\/de\/#\/schema\/logo\/image\/\",\"url\":\"https:\/\/lyrsta.se\/wp-content\/uploads\/2021\/02\/base_logo_transparent_background.png\",\"contentUrl\":\"https:\/\/lyrsta.se\/wp-content\/uploads\/2021\/02\/base_logo_transparent_background.png\",\"width\":3125,\"height\":1875,\"caption\":\"Lyrsta R B&B\"},\"image\":{\"@id\":\"https:\/\/lyrsta.se\/de\/#\/schema\/logo\/image\/\"}}]}<\/script>\n<!-- \/ Yoast SEO plugin. -->","yoast_head_json":{"title":"Retreats &bull; Lyrsta R B&amp;B","robots":{"index":"index","follow":"follow","max-snippet":"max-snippet:-1","max-image-preview":"max-image-preview:large","max-video-preview":"max-video-preview:-1"},"canonical":"https:\/\/lyrsta.se\/de\/retreats\/","og_locale":"de_DE","og_type":"article","og_title":"Retreats &bull; Lyrsta R B&amp;B","og_description":"Retreats bei Lyrsta R B&#038;B Dem W\u00f6rterbuch zufolge bezeichnet Retreat (englisch f\u00fcr \u201eR\u00fcckzug\u201c) eine Praxis aus dem christlichen Umfeld, bei der man sich in Ruhe und Stille f\u00fcr einen oder mehrere Tage zur\u00fcckzieht, oft in einer geleiteten Gruppe. Hier bei Lyrsta R B&amp;B ist es nur die Fantasie, die Grenzen setzt! In unserem Idyll k\u00f6nnen [&hellip;]","og_url":"https:\/\/lyrsta.se\/de\/retreats\/","og_site_name":"Lyrsta R B&amp;B","article_modified_time":"2023-05-16T06:13:41+00:00","og_image":[{"url":"https:\/\/lyrsta.se\/wp-content\/uploads\/2021\/04\/Altandack-i-gryning-host.jpg"}],"twitter_card":"summary_large_image","twitter_misc":{"Gesch\u00e4tzte Lesezeit":"2\u00a0Minuten"},"schema":{"@context":"https:\/\/schema.org","@graph":[{"@type":"WebPage","@id":"https:\/\/lyrsta.se\/de\/retreats\/","url":"https:\/\/lyrsta.se\/de\/retreats\/","name":"Retreats &bull; Lyrsta R B&amp;B","isPartOf":{"@id":"https:\/\/lyrsta.se\/de\/#website"},"datePublished":"2021-03-02T13:39:25+00:00","dateModified":"2023-05-16T06:13:41+00:00","breadcrumb":{"@id":"https:\/\/lyrsta.se\/de\/retreats\/#breadcrumb"},"inLanguage":"de","potentialAction":[{"@type":"ReadAction","target":["https:\/\/lyrsta.se\/de\/retreats\/"]}]},{"@type":"BreadcrumbList","@id":"https:\/\/lyrsta.se\/de\/retreats\/#breadcrumb","itemListElement":[{"@type":"ListItem","position":1,"name":"Hem","item":"https:\/\/lyrsta.se\/de\/"},{"@type":"ListItem","position":2,"name":"Retreats"}]},{"@type":"WebSite","@id":"https:\/\/lyrsta.se\/de\/#website","url":"https:\/\/lyrsta.se\/de\/","name":"Lyrsta R B&amp;B","description":"lyrsta","publisher":{"@id":"https:\/\/lyrsta.se\/de\/#organization"},"potentialAction":[{"@type":"SearchAction","target":{"@type":"EntryPoint","urlTemplate":"https:\/\/lyrsta.se\/de\/?s={search_term_string}"},"query-input":"required name=search_term_string"}],"inLanguage":"de"},{"@type":"Organization","@id":"https:\/\/lyrsta.se\/de\/#organization","name":"Lyrsta R B&B","url":"https:\/\/lyrsta.se\/de\/","logo":{"@type":"ImageObject","inLanguage":"de","@id":"https:\/\/lyrsta.se\/de\/#\/schema\/logo\/image\/","url":"https:\/\/lyrsta.se\/wp-content\/uploads\/2021\/02\/base_logo_transparent_background.png","contentUrl":"https:\/\/lyrsta.se\/wp-content\/uploads\/2021\/02\/base_logo_transparent_background.png","width":3125,"height":1875,"caption":"Lyrsta R B&B"},"image":{"@id":"https:\/\/lyrsta.se\/de\/#\/schema\/logo\/image\/"}}]}},"_links":{"self":[{"href":"https:\/\/lyrsta.se\/de\/wp-json\/wp\/v2\/pages\/1507","targetHints":{"allow":["GET"]}}],"collection":[{"href":"https:\/\/lyrsta.se\/de\/wp-json\/wp\/v2\/pages"}],"about":[{"href":"https:\/\/lyrsta.se\/de\/wp-json\/wp\/v2\/types\/page"}],"author":[{"embeddable":true,"href":"https:\/\/lyrsta.se\/de\/wp-json\/wp\/v2\/users\/1"}],"replies":[{"embeddable":true,"href":"https:\/\/lyrsta.se\/de\/wp-json\/wp\/v2\/comments?post=1507"}],"version-history":[{"count":11,"href":"https:\/\/lyrsta.se\/de\/wp-json\/wp\/v2\/pages\/1507\/revisions"}],"predecessor-version":[{"id":1710,"href":"https:\/\/lyrsta.se\/de\/wp-json\/wp\/v2\/pages\/1507\/revisions\/1710"}],"wp:attachment":[{"href":"https:\/\/lyrsta.se\/de\/wp-json\/wp\/v2\/media?parent=1507"}],"curies":[{"name":"wp","href":"https:\/\/api.w.org\/{rel}","templated":true}]}}