{"id":1513,"date":"2021-03-02T12:57:07","date_gmt":"2021-03-02T12:57:07","guid":{"rendered":"https:\/\/lyrsta.se\/bokningsvillkor\/"},"modified":"2023-05-15T14:00:03","modified_gmt":"2023-05-15T14:00:03","slug":"bokningsvillkor","status":"publish","type":"page","link":"https:\/\/lyrsta.se\/de\/bokningsvillkor\/","title":{"rendered":"Buchungsbedingungen"},"content":{"rendered":"\t\t<div data-elementor-type=\"wp-page\" data-elementor-id=\"1513\" class=\"elementor elementor-1513 elementor-173\">\n\t\t\t\t\t\t<div class=\"elementor-inner\">\n\t\t\t\t<div class=\"elementor-section-wrap\">\n\t\t\t\t\t\t\t\t\t<section class=\"elementor-section elementor-top-section elementor-element elementor-element-2e3e516d elementor-section-boxed elementor-section-height-default elementor-section-height-default\" data-id=\"2e3e516d\" data-element_type=\"section\">\n\t\t\t\t\t\t<div class=\"elementor-container elementor-column-gap-default\">\n\t\t\t\t\t\t\t<div class=\"elementor-row\">\n\t\t\t\t\t<div class=\"elementor-column elementor-col-100 elementor-top-column elementor-element elementor-element-2ca05123\" data-id=\"2ca05123\" data-element_type=\"column\">\n\t\t\t<div class=\"elementor-column-wrap elementor-element-populated\">\n\t\t\t\t\t\t\t<div class=\"elementor-widget-wrap\">\n\t\t\t\t\t\t<div class=\"elementor-element elementor-element-42c40e24 elementor-widget elementor-widget-text-editor\" data-id=\"42c40e24\" data-element_type=\"widget\" data-widget_type=\"text-editor.default\">\n\t\t\t\t<div class=\"elementor-widget-container\">\n\t\t\t\t\t\t\t\t<div class=\"elementor-text-editor elementor-clearfix\">\n\t\t\t\t<h3>Die Buchungsbest\u00e4tigung macht Ihre Buchung bindend<\/h3>\n<p>Als Gast bei Lyrsta R B&amp;B erhalten Sie eine schriftliche Best\u00e4tigung Ihrer Buchung per E-Mail. Lesen Sie die Best\u00e4tigungsmail gr\u00fcndlich und \u00fcberpr\u00fcfen Sie, ob alles (Datum, Preise, Anzahl der G\u00e4ste usw.) mit Ihren W\u00fcnschen \u00fcbereinstimmt. Die Buchung wird 24 Stunden nach Versand der Buchungsbest\u00e4tigung bindend. Falls Ihre Buchung innerhalb von 24 Stunden vor dem Einchecken erfolgt, ist die Buchung ab dem Buchungszeitpunkt bindend.<\/p>\n<h3>Verarbeitung personenbezogener Daten<\/h3>\n<p>Wir wollen Ihnen den bestm\u00f6glichen Service bieten und unsere Aufgaben erf\u00fcllen und bitten Sie gem\u00e4\u00df geltender Rechtsvorschriften um Ihren Namen, Adresse, Telefonnummer und E-Mail-Adresse, wenn Sie ein Zimmer bei uns buchen. Indem Sie die Buchung abschlie\u00dfen, geben Sie Ihre Zustimmung, dass wir diese Daten verarbeiten, was in der Praxis bedeutet, dass sie in unserem Buchungssystem gespeichert werden. Die Daten werden nur dazu verwendet, um mit Ihnen im Zusammenhang mit Ihrer Buchung Kontakt aufzunehmen. Falls Sie \u2013 nach Ihrem Aufenthalt \u2013 w\u00fcnschen, dass wir Ihre personenbezogenen Daten aus unserem System l\u00f6schen, schicken Sie uns bitte eine E-Mail. Anderenfalls speichern wir die oben angegebenen Daten f\u00fcr Ihre n\u00e4chste Buchung.<\/p>\n<h3>Zahlung<\/h3>\n<p>Sie bezahlen Ihren Aufenthalt beim Einchecken. Wir akzeptieren Swish und Kartenzahlung, Bargeldzahlungen m\u00f6chten wir hingegen vermeiden. Alle unsere Preise sind einschlie\u00dflich Mehrwertsteuer. Bettw\u00e4sche und Handt\u00fccher sind im Preis inbegriffen. Dies gilt auch f\u00fcr die Endreinigung des Zimmers.<\/p>\n<h3>Einchecken<\/h3>\n<p>Ihr Zimmer steht ab 16:00 Uhr am Ankunftstag zum Einchecken bereit. Wir sind bis 18:00 Uhr hier, um Sie in Empfang zu nehmen. Wenn Sie sp\u00e4ter einchecken m\u00f6chten, ist das ebenfalls m\u00f6glich. Und falls wir aus irgendwelchen Gr\u00fcnden nicht die M\u00f6glichkeit haben, Sie pers\u00f6nlich willkommen zu heissen, teilen wir Ihnen einige Tage vor Ihrer Ankunft mit, wo Sie den Zimmerschl\u00fcssel finden. Falls Sie fr\u00fcher als 16 Uhr kommen m\u00f6chten, k\u00f6nnen wir nicht garantieren, dass Ihr Zimmer schon fertig vorbereitet ist. Sie haben jedoch immer die M\u00f6glichkeit, Ihr Gep\u00e4ck abzustellen. Falls Sie dies tun m\u00f6chten, bitten wir Sie, uns vorher dar\u00fcber zu informieren, damit wir vor Ort sind und Sie empfangen k\u00f6nnen.<\/p>\n<h3>Auschecken<\/h3>\n<p>Ihr Zimmer steht Ihnen am Abreisetag bis um 11:00 Uhr zur Verf\u00fcgung. Falls Sie es w\u00fcnschen, k\u00f6nnen Sie jedoch Ihr Gep\u00e4ck hier bei uns den Tag \u00fcber abstellen. Sofern nicht anders vereinbart, geschieht das Auschecken, indem Sie uns den Zimmerschl\u00fcssel zur\u00fcckgeben. Sie sind als Gast w\u00e4hrend Ihres Aufenthalts f\u00fcr den Zimmerschl\u00fcssel verantwortlich. Falls beim Auschecken ein Schl\u00fcssel fehlt, m\u00fcssen wir Ihnen die Kosten f\u00fcr ein neues Schloss in Rechnung stellen (150 SEK).<\/p>\n<h3>Falls Sie stornieren m\u00fcssen<\/h3>\n<p>Wenn sich Ihre Pl\u00e4ne \u00e4ndern und Sie Ihr Zimmer abbestellen m\u00fcssen, k\u00f6nnen Sie dies bis zu 24 Stunden vor dem geplanten Anreisetag kostenfrei tun. Danach werden die gesamten Kosten in Rechnung gestellt.<\/p>\n<h3>Verhaltensregeln<\/h3>\n<p>Zum Wohlbefinden aller sind unsere Zimmer rauchfrei. Wenn Sie rauchen m\u00f6chten, besteht die M\u00f6glichkeit dazu auf den Terrassen. Nehmen Sie jedoch stets R\u00fccksicht auf andere G\u00e4ste. Im Zimmer namens \u201eTegelrummet\u201c k\u00f6nnen auch Haustiere mitgebracht werden. Teilen Sie uns bitte im Voraus mit, falls Sie mit einem Haustier anreisen. Wir Behandeln Sie M\u00f6bel und andere Einrichtungsgegenst\u00e4nde im Zimmer sorgsam. Als Gast tragen Sie die volle Verantwortung f\u00fcr alle eventuellen Sch\u00e4den an der Unterkunft und deren Einrichtung, die w\u00e4hrend des Aufenthalts entstehen, und Sie verpflichten sich, diese zu ersetzen. Als Gast d\u00fcrfen Sie das Zimmer nur zu dem in der Buchung festgelegten Zweck nutzen. Sie d\u00fcrfen auch nicht mehr Personen im Zimmer \u00fcbernachten lassen, als bei der Buchung angegeben wurde.<\/p>\n<h3>Bei Nichteinhaltung der Bedingungen<\/h3>\n<p>Wir als Vermieter haben das Recht, Ihren gebuchten Aufenthalt mit unmittelbarer Wirkung abzubrechen, falls Sie als Gast oder jemand aus Ihrer Gruppe sich st\u00f6rend verh\u00e4lt oder in der Unterkunft oder der Umgebung Vandalismus begeht oder falls die Unterkunft zu einem anderen Zweck als von Ihnen angegeben verwendet wird. Falls dieses geschieht, m\u00fcssen Sie und Ihre Mitreisenden unmittelbar ausziehen, ohne Recht auf jegliche R\u00fcckerstattung der Mietkosten.<\/p>\n<h3>Force Majeure<\/h3>\n<p>Was nicht geschehen darf, tritt dennoch gelegentlich ein. Daher haben Sie und wir beide das Recht, von der Buchung zur\u00fcckzutreten, falls die Erf\u00fcllung aus folgenden Gr\u00fcnden nicht m\u00f6glich ist: Kriegshandlungen, Naturkatastrophen, Arbeitsrechtsstreitigkeiten, l\u00e4ngerfristige Unterbrechungen der Wasser- oder Energieversorgung, Feuer oder andere \u00e4hnliche gro\u00dfe Ereignisse, die keiner der Beteiligten vorhersehen oder beeinflussen konnte. &#8222;<\/p>\t\t\t\t\t<\/div>\n\t\t\t\t\t\t<\/div>\n\t\t\t\t<\/div>\n\t\t\t\t\t\t<\/div>\n\t\t\t\t\t<\/div>\n\t\t<\/div>\n\t\t\t\t\t\t\t\t<\/div>\n\t\t\t\t\t<\/div>\n\t\t<\/section>\n\t\t\t\t\t\t\t\t\t<\/div>\n\t\t\t<\/div>\n\t\t\t\t\t<\/div>\n\t\t","protected":false},"excerpt":{"rendered":"<p>Die Buchungsbest\u00e4tigung macht Ihre Buchung bindend Als Gast bei Lyrsta R B&amp;B erhalten Sie eine schriftliche Best\u00e4tigung Ihrer Buchung per E-Mail. Lesen Sie die Best\u00e4tigungsmail gr\u00fcndlich und \u00fcberpr\u00fcfen Sie, ob alles (Datum, Preise, Anzahl der G\u00e4ste usw.) mit Ihren W\u00fcnschen \u00fcbereinstimmt. Die Buchung wird 24 Stunden nach Versand der Buchungsbest\u00e4tigung bindend. Falls Ihre Buchung innerhalb [&hellip;]<\/p>\n","protected":false},"author":1,"featured_media":0,"parent":0,"menu_order":0,"comment_status":"closed","ping_status":"closed","template":"","meta":{"footnotes":""},"class_list":["post-1513","page","type-page","status-publish","hentry"],"yoast_head":"<!-- This site is optimized with the Yoast SEO plugin v20.8 - https:\/\/yoast.com\/wordpress\/plugins\/seo\/ -->\n<title>Buchungsbedingungen &bull; Lyrsta R B&amp;B<\/title>\n<meta name=\"robots\" content=\"index, follow, max-snippet:-1, max-image-preview:large, max-video-preview:-1\" \/>\n<link rel=\"canonical\" href=\"https:\/\/lyrsta.se\/de\/bokningsvillkor\/\" \/>\n<meta property=\"og:locale\" content=\"de_DE\" \/>\n<meta property=\"og:type\" content=\"article\" \/>\n<meta property=\"og:title\" content=\"Buchungsbedingungen &bull; Lyrsta R B&amp;B\" \/>\n<meta property=\"og:description\" content=\"Die Buchungsbest\u00e4tigung macht Ihre Buchung bindend Als Gast bei Lyrsta R B&amp;B erhalten Sie eine schriftliche Best\u00e4tigung Ihrer Buchung per E-Mail. Lesen Sie die Best\u00e4tigungsmail gr\u00fcndlich und \u00fcberpr\u00fcfen Sie, ob alles (Datum, Preise, Anzahl der G\u00e4ste usw.) mit Ihren W\u00fcnschen \u00fcbereinstimmt. Die Buchung wird 24 Stunden nach Versand der Buchungsbest\u00e4tigung bindend. Falls Ihre Buchung innerhalb [&hellip;]\" \/>\n<meta property=\"og:url\" content=\"https:\/\/lyrsta.se\/de\/bokningsvillkor\/\" \/>\n<meta property=\"og:site_name\" content=\"Lyrsta R B&amp;B\" \/>\n<meta property=\"article:modified_time\" content=\"2023-05-15T14:00:03+00:00\" \/>\n<meta name=\"twitter:card\" content=\"summary_large_image\" \/>\n<meta name=\"twitter:label1\" content=\"Gesch\u00e4tzte Lesezeit\" \/>\n\t<meta name=\"twitter:data1\" content=\"4\u00a0Minuten\" \/>\n<script type=\"application\/ld+json\" class=\"yoast-schema-graph\">{\"@context\":\"https:\/\/schema.org\",\"@graph\":[{\"@type\":\"WebPage\",\"@id\":\"https:\/\/lyrsta.se\/de\/bokningsvillkor\/\",\"url\":\"https:\/\/lyrsta.se\/de\/bokningsvillkor\/\",\"name\":\"Buchungsbedingungen &bull; Lyrsta R B&amp;B\",\"isPartOf\":{\"@id\":\"https:\/\/lyrsta.se\/de\/#website\"},\"datePublished\":\"2021-03-02T12:57:07+00:00\",\"dateModified\":\"2023-05-15T14:00:03+00:00\",\"breadcrumb\":{\"@id\":\"https:\/\/lyrsta.se\/de\/bokningsvillkor\/#breadcrumb\"},\"inLanguage\":\"de\",\"potentialAction\":[{\"@type\":\"ReadAction\",\"target\":[\"https:\/\/lyrsta.se\/de\/bokningsvillkor\/\"]}]},{\"@type\":\"BreadcrumbList\",\"@id\":\"https:\/\/lyrsta.se\/de\/bokningsvillkor\/#breadcrumb\",\"itemListElement\":[{\"@type\":\"ListItem\",\"position\":1,\"name\":\"Hem\",\"item\":\"https:\/\/lyrsta.se\/de\/\"},{\"@type\":\"ListItem\",\"position\":2,\"name\":\"Buchungsbedingungen\"}]},{\"@type\":\"WebSite\",\"@id\":\"https:\/\/lyrsta.se\/de\/#website\",\"url\":\"https:\/\/lyrsta.se\/de\/\",\"name\":\"Lyrsta R B&amp;B\",\"description\":\"lyrsta\",\"publisher\":{\"@id\":\"https:\/\/lyrsta.se\/de\/#organization\"},\"potentialAction\":[{\"@type\":\"SearchAction\",\"target\":{\"@type\":\"EntryPoint\",\"urlTemplate\":\"https:\/\/lyrsta.se\/de\/?s={search_term_string}\"},\"query-input\":\"required name=search_term_string\"}],\"inLanguage\":\"de\"},{\"@type\":\"Organization\",\"@id\":\"https:\/\/lyrsta.se\/de\/#organization\",\"name\":\"Lyrsta R B&B\",\"url\":\"https:\/\/lyrsta.se\/de\/\",\"logo\":{\"@type\":\"ImageObject\",\"inLanguage\":\"de\",\"@id\":\"https:\/\/lyrsta.se\/de\/#\/schema\/logo\/image\/\",\"url\":\"https:\/\/lyrsta.se\/wp-content\/uploads\/2021\/02\/base_logo_transparent_background.png\",\"contentUrl\":\"https:\/\/lyrsta.se\/wp-content\/uploads\/2021\/02\/base_logo_transparent_background.png\",\"width\":3125,\"height\":1875,\"caption\":\"Lyrsta R B&B\"},\"image\":{\"@id\":\"https:\/\/lyrsta.se\/de\/#\/schema\/logo\/image\/\"}}]}<\/script>\n<!-- \/ Yoast SEO plugin. -->","yoast_head_json":{"title":"Buchungsbedingungen &bull; Lyrsta R B&amp;B","robots":{"index":"index","follow":"follow","max-snippet":"max-snippet:-1","max-image-preview":"max-image-preview:large","max-video-preview":"max-video-preview:-1"},"canonical":"https:\/\/lyrsta.se\/de\/bokningsvillkor\/","og_locale":"de_DE","og_type":"article","og_title":"Buchungsbedingungen &bull; Lyrsta R B&amp;B","og_description":"Die Buchungsbest\u00e4tigung macht Ihre Buchung bindend Als Gast bei Lyrsta R B&amp;B erhalten Sie eine schriftliche Best\u00e4tigung Ihrer Buchung per E-Mail. Lesen Sie die Best\u00e4tigungsmail gr\u00fcndlich und \u00fcberpr\u00fcfen Sie, ob alles (Datum, Preise, Anzahl der G\u00e4ste usw.) mit Ihren W\u00fcnschen \u00fcbereinstimmt. Die Buchung wird 24 Stunden nach Versand der Buchungsbest\u00e4tigung bindend. Falls Ihre Buchung innerhalb [&hellip;]","og_url":"https:\/\/lyrsta.se\/de\/bokningsvillkor\/","og_site_name":"Lyrsta R B&amp;B","article_modified_time":"2023-05-15T14:00:03+00:00","twitter_card":"summary_large_image","twitter_misc":{"Gesch\u00e4tzte Lesezeit":"4\u00a0Minuten"},"schema":{"@context":"https:\/\/schema.org","@graph":[{"@type":"WebPage","@id":"https:\/\/lyrsta.se\/de\/bokningsvillkor\/","url":"https:\/\/lyrsta.se\/de\/bokningsvillkor\/","name":"Buchungsbedingungen &bull; Lyrsta R B&amp;B","isPartOf":{"@id":"https:\/\/lyrsta.se\/de\/#website"},"datePublished":"2021-03-02T12:57:07+00:00","dateModified":"2023-05-15T14:00:03+00:00","breadcrumb":{"@id":"https:\/\/lyrsta.se\/de\/bokningsvillkor\/#breadcrumb"},"inLanguage":"de","potentialAction":[{"@type":"ReadAction","target":["https:\/\/lyrsta.se\/de\/bokningsvillkor\/"]}]},{"@type":"BreadcrumbList","@id":"https:\/\/lyrsta.se\/de\/bokningsvillkor\/#breadcrumb","itemListElement":[{"@type":"ListItem","position":1,"name":"Hem","item":"https:\/\/lyrsta.se\/de\/"},{"@type":"ListItem","position":2,"name":"Buchungsbedingungen"}]},{"@type":"WebSite","@id":"https:\/\/lyrsta.se\/de\/#website","url":"https:\/\/lyrsta.se\/de\/","name":"Lyrsta R B&amp;B","description":"lyrsta","publisher":{"@id":"https:\/\/lyrsta.se\/de\/#organization"},"potentialAction":[{"@type":"SearchAction","target":{"@type":"EntryPoint","urlTemplate":"https:\/\/lyrsta.se\/de\/?s={search_term_string}"},"query-input":"required name=search_term_string"}],"inLanguage":"de"},{"@type":"Organization","@id":"https:\/\/lyrsta.se\/de\/#organization","name":"Lyrsta R B&B","url":"https:\/\/lyrsta.se\/de\/","logo":{"@type":"ImageObject","inLanguage":"de","@id":"https:\/\/lyrsta.se\/de\/#\/schema\/logo\/image\/","url":"https:\/\/lyrsta.se\/wp-content\/uploads\/2021\/02\/base_logo_transparent_background.png","contentUrl":"https:\/\/lyrsta.se\/wp-content\/uploads\/2021\/02\/base_logo_transparent_background.png","width":3125,"height":1875,"caption":"Lyrsta R B&B"},"image":{"@id":"https:\/\/lyrsta.se\/de\/#\/schema\/logo\/image\/"}}]}},"_links":{"self":[{"href":"https:\/\/lyrsta.se\/de\/wp-json\/wp\/v2\/pages\/1513","targetHints":{"allow":["GET"]}}],"collection":[{"href":"https:\/\/lyrsta.se\/de\/wp-json\/wp\/v2\/pages"}],"about":[{"href":"https:\/\/lyrsta.se\/de\/wp-json\/wp\/v2\/types\/page"}],"author":[{"embeddable":true,"href":"https:\/\/lyrsta.se\/de\/wp-json\/wp\/v2\/users\/1"}],"replies":[{"embeddable":true,"href":"https:\/\/lyrsta.se\/de\/wp-json\/wp\/v2\/comments?post=1513"}],"version-history":[{"count":5,"href":"https:\/\/lyrsta.se\/de\/wp-json\/wp\/v2\/pages\/1513\/revisions"}],"predecessor-version":[{"id":1674,"href":"https:\/\/lyrsta.se\/de\/wp-json\/wp\/v2\/pages\/1513\/revisions\/1674"}],"wp:attachment":[{"href":"https:\/\/lyrsta.se\/de\/wp-json\/wp\/v2\/media?parent=1513"}],"curies":[{"name":"wp","href":"https:\/\/api.w.org\/{rel}","templated":true}]}}