{"id":1529,"date":"2021-02-08T13:36:06","date_gmt":"2021-02-08T13:36:06","guid":{"rendered":"https:\/\/lyrsta.se\/se-och-gora\/"},"modified":"2023-05-10T14:22:56","modified_gmt":"2023-05-10T14:22:56","slug":"se-och-gora","status":"publish","type":"page","link":"https:\/\/lyrsta.se\/de\/se-och-gora\/","title":{"rendered":"Sehen und erleben"},"content":{"rendered":"\t\t<div data-elementor-type=\"wp-page\" data-elementor-id=\"1529\" class=\"elementor elementor-1529 elementor-15\">\n\t\t\t\t\t\t<div class=\"elementor-inner\">\n\t\t\t\t<div class=\"elementor-section-wrap\">\n\t\t\t\t\t\t\t\t\t<section class=\"elementor-section elementor-top-section elementor-element elementor-element-f7a9f7a elementor-section-boxed elementor-section-height-default elementor-section-height-default\" data-id=\"f7a9f7a\" data-element_type=\"section\">\n\t\t\t\t\t\t<div class=\"elementor-container elementor-column-gap-default\">\n\t\t\t\t\t\t\t<div class=\"elementor-row\">\n\t\t\t\t\t<div class=\"elementor-column elementor-col-100 elementor-top-column elementor-element elementor-element-03c2c38\" data-id=\"03c2c38\" data-element_type=\"column\">\n\t\t\t<div class=\"elementor-column-wrap elementor-element-populated\">\n\t\t\t\t\t\t\t<div class=\"elementor-widget-wrap\">\n\t\t\t\t\t\t<div class=\"elementor-element elementor-element-44bd6a5 elementor-widget elementor-widget-heading\" data-id=\"44bd6a5\" data-element_type=\"widget\" data-widget_type=\"heading.default\">\n\t\t\t\t<div class=\"elementor-widget-container\">\n\t\t\t<h2 class=\"elementor-heading-title elementor-size-default\">G\u00f6ta kanal<\/h2>\t\t<\/div>\n\t\t\t\t<\/div>\n\t\t\t\t<div class=\"elementor-element elementor-element-4c08beb elementor--h-position-center elementor--v-position-middle elementor-arrows-position-inside elementor-pagination-position-inside elementor-widget elementor-widget-slides\" data-id=\"4c08beb\" data-element_type=\"widget\" data-settings=\"{&quot;navigation&quot;:&quot;both&quot;,&quot;autoplay&quot;:&quot;yes&quot;,&quot;pause_on_hover&quot;:&quot;yes&quot;,&quot;pause_on_interaction&quot;:&quot;yes&quot;,&quot;autoplay_speed&quot;:5000,&quot;infinite&quot;:&quot;yes&quot;,&quot;transition&quot;:&quot;slide&quot;,&quot;transition_speed&quot;:500}\" data-widget_type=\"slides.default\">\n\t\t\t\t<div class=\"elementor-widget-container\">\n\t\t\t\t\t<div class=\"elementor-swiper\">\n\t\t\t<div class=\"elementor-slides-wrapper elementor-main-swiper swiper-container\" dir=\"ltr\" data-animation=\"fadeInUp\">\n\t\t\t\t<div class=\"swiper-wrapper elementor-slides\">\n\t\t\t\t\t\t\t\t\t\t<div class=\"elementor-repeater-item-c312a4e swiper-slide\"><div class=\"swiper-slide-bg\" role=\"img\"><\/div><a class=\"swiper-slide-inner\" href=\"https:\/\/www.gotakanal.se\/sv\/cykelsemester\/\" target=\"_blank\"><div class=\"swiper-slide-contents\"><div class=\"elementor-slide-heading\">Fahrradfahren<\/div><div class=\"elementor-slide-description\">Radeln Sie in h\u00fcbscher Natur entlang des G\u00f6ta Kanals<\/div><div  class=\"elementor-button elementor-slide-button elementor-size-sm\">Klicken Sie hier<\/div><\/div><\/a><\/div><div class=\"elementor-repeater-item-83912e1 swiper-slide\"><div class=\"swiper-slide-bg\" role=\"img\"><\/div><a class=\"swiper-slide-inner\" href=\"https:\/\/www.gotakanal.se\/sv\/passagerarbat\/\" target=\"_blank\"><div class=\"swiper-slide-contents\"><div class=\"elementor-slide-heading\">Schifffahrten<\/div><div class=\"elementor-slide-description\">Tagesfahrt oder Kreuzfahrt auf dem G\u00f6ta Kanal<\/div><div  class=\"elementor-button elementor-slide-button elementor-size-sm\">Klicken Sie hier<\/div><\/div><\/a><\/div><div class=\"elementor-repeater-item-6c74685 swiper-slide\"><div class=\"swiper-slide-bg\" role=\"img\"><\/div><a class=\"swiper-slide-inner\" href=\"https:\/\/www.gotakanal.se\/sv\/vandra\/\" target=\"_blank\"><div class=\"swiper-slide-contents\"><div class=\"elementor-slide-heading\">Wandern<\/div><div class=\"elementor-slide-description\">Sch\u00f6ne Wanderwege in der Umgebung des Kanals<\/div><div  class=\"elementor-button elementor-slide-button elementor-size-sm\">Klicken Sie hier<\/div><\/div><\/a><\/div>\t\t\t\t<\/div>\n\t\t\t\t\t\t\t\t\t\t\t\t\t\t\t<div class=\"swiper-pagination\"><\/div>\n\t\t\t\t\t\t\t\t\t\t\t\t\t\t\t\t<div class=\"elementor-swiper-button elementor-swiper-button-prev\" role=\"button\" tabindex=\"0\">\n\t\t\t\t\t\t\t<i aria-hidden=\"true\" class=\"eicon-chevron-left\"><\/i>\t\t\t\t\t\t\t<span class=\"elementor-screen-only\">Vorheriger Slide<\/span>\n\t\t\t\t\t\t<\/div>\n\t\t\t\t\t\t<div class=\"elementor-swiper-button elementor-swiper-button-next\" role=\"button\" tabindex=\"0\">\n\t\t\t\t\t\t\t<i aria-hidden=\"true\" class=\"eicon-chevron-right\"><\/i>\t\t\t\t\t\t\t<span class=\"elementor-screen-only\">N\u00e4chster Slide<\/span>\n\t\t\t\t\t\t<\/div>\n\t\t\t\t\t\t\t\t\t\t\t\t<\/div>\n\t\t<\/div>\n\t\t\t\t<\/div>\n\t\t\t\t<\/div>\n\t\t\t\t<div class=\"elementor-element elementor-element-abda8f9 elementor-widget elementor-widget-spacer\" data-id=\"abda8f9\" data-element_type=\"widget\" data-widget_type=\"spacer.default\">\n\t\t\t\t<div class=\"elementor-widget-container\">\n\t\t\t\t\t<div class=\"elementor-spacer\">\n\t\t\t<div class=\"elementor-spacer-inner\"><\/div>\n\t\t<\/div>\n\t\t\t\t<\/div>\n\t\t\t\t<\/div>\n\t\t\t\t<div class=\"elementor-element elementor-element-75d4e6c elementor-widget elementor-widget-heading\" data-id=\"75d4e6c\" data-element_type=\"widget\" data-widget_type=\"heading.default\">\n\t\t\t\t<div class=\"elementor-widget-container\">\n\t\t\t<h2 class=\"elementor-heading-title elementor-size-default\">Lyrestad<\/h2>\t\t<\/div>\n\t\t\t\t<\/div>\n\t\t\t\t<div class=\"elementor-element elementor-element-059ba81 elementor--h-position-center elementor--v-position-middle elementor-arrows-position-inside elementor-pagination-position-inside elementor-widget elementor-widget-slides\" data-id=\"059ba81\" data-element_type=\"widget\" data-settings=\"{&quot;navigation&quot;:&quot;both&quot;,&quot;autoplay&quot;:&quot;yes&quot;,&quot;pause_on_hover&quot;:&quot;yes&quot;,&quot;pause_on_interaction&quot;:&quot;yes&quot;,&quot;autoplay_speed&quot;:5000,&quot;infinite&quot;:&quot;yes&quot;,&quot;transition&quot;:&quot;slide&quot;,&quot;transition_speed&quot;:500}\" data-widget_type=\"slides.default\">\n\t\t\t\t<div class=\"elementor-widget-container\">\n\t\t\t\t\t<div class=\"elementor-swiper\">\n\t\t\t<div class=\"elementor-slides-wrapper elementor-main-swiper swiper-container\" dir=\"ltr\" data-animation=\"fadeInUp\">\n\t\t\t\t<div class=\"swiper-wrapper elementor-slides\">\n\t\t\t\t\t\t\t\t\t\t<div class=\"elementor-repeater-item-c312a4e swiper-slide\"><div class=\"swiper-slide-bg\" role=\"img\"><\/div><a class=\"swiper-slide-inner\" href=\"https:\/\/www.facebook.com\/Daisys-Place-403663679800749\/\" target=\"_blank\"><div class=\"swiper-slide-contents\"><div class=\"elementor-slide-heading\">Daisy\u00b4s Place<\/div><div class=\"elementor-slide-description\">Caf\u00e9 mit hausgemachtem Geb\u00e4ck und Aussicht auf den G\u00f6ta Kana<\/div><div  class=\"elementor-button elementor-slide-button elementor-size-sm\">Klicken Sie hier<\/div><\/div><\/a><\/div><div class=\"elementor-repeater-item-ec34f1c swiper-slide\"><div class=\"swiper-slide-bg\" role=\"img\"><\/div><a class=\"swiper-slide-inner\" href=\"https:\/\/www.hembygd.se\/lyrestad\" target=\"_blank\"><div class=\"swiper-slide-contents\"><div class=\"elementor-slide-heading\">Hamnmagasinet<\/div><div class=\"elementor-slide-description\">Die Geschichte des Dorfe<\/div><div  class=\"elementor-button elementor-slide-button elementor-size-sm\">Klicken Sie hier<\/div><\/div><\/a><\/div><div class=\"elementor-repeater-item-83912e1 swiper-slide\"><div class=\"swiper-slide-bg\" role=\"img\"><\/div><a class=\"swiper-slide-inner\" href=\"https:\/\/www.ica.se\/butiker\/nara\/mariestad\/freijs-livsmedel-2029\/butiken\/\" target=\"_blank\"><div class=\"swiper-slide-contents\"><div class=\"elementor-slide-heading\">Freijs livs<\/div><div class=\"elementor-slide-description\">Unser lokales Lebensmittelgesch\u00e4ft mit eigenen Wurstware<\/div><div  class=\"elementor-button elementor-slide-button elementor-size-sm\">Klicken Sie hier<\/div><\/div><\/a><\/div><div class=\"elementor-repeater-item-4f8846b swiper-slide\"><div class=\"swiper-slide-bg\" role=\"img\"><\/div><a class=\"swiper-slide-inner\" href=\"https:\/\/www.vasttrafik.se\/\" target=\"_blank\"><div class=\"swiper-slide-contents\"><div class=\"elementor-slide-heading\">Centralstationen<\/div><div class=\"elementor-slide-description\">Ta t\u00e5get till och fr\u00e5n Lyrsta, bara att vrida p\u00e5 den gula skylten s\u00e5 stannar t\u00e5get.<\/div><div  class=\"elementor-button elementor-slide-button elementor-size-sm\">Klicken Sie hier<\/div><\/div><\/a><\/div>\t\t\t\t<\/div>\n\t\t\t\t\t\t\t\t\t\t\t\t\t\t\t<div class=\"swiper-pagination\"><\/div>\n\t\t\t\t\t\t\t\t\t\t\t\t\t\t\t\t<div class=\"elementor-swiper-button elementor-swiper-button-prev\" role=\"button\" tabindex=\"0\">\n\t\t\t\t\t\t\t<i aria-hidden=\"true\" class=\"eicon-chevron-left\"><\/i>\t\t\t\t\t\t\t<span class=\"elementor-screen-only\">Vorheriger Slide<\/span>\n\t\t\t\t\t\t<\/div>\n\t\t\t\t\t\t<div class=\"elementor-swiper-button elementor-swiper-button-next\" role=\"button\" tabindex=\"0\">\n\t\t\t\t\t\t\t<i aria-hidden=\"true\" class=\"eicon-chevron-right\"><\/i>\t\t\t\t\t\t\t<span class=\"elementor-screen-only\">N\u00e4chster Slide<\/span>\n\t\t\t\t\t\t<\/div>\n\t\t\t\t\t\t\t\t\t\t\t\t<\/div>\n\t\t<\/div>\n\t\t\t\t<\/div>\n\t\t\t\t<\/div>\n\t\t\t\t<div class=\"elementor-element elementor-element-907505c elementor-widget elementor-widget-spacer\" data-id=\"907505c\" data-element_type=\"widget\" data-widget_type=\"spacer.default\">\n\t\t\t\t<div class=\"elementor-widget-container\">\n\t\t\t\t\t<div class=\"elementor-spacer\">\n\t\t\t<div class=\"elementor-spacer-inner\"><\/div>\n\t\t<\/div>\n\t\t\t\t<\/div>\n\t\t\t\t<\/div>\n\t\t\t\t<div class=\"elementor-element elementor-element-bc1e177 elementor-widget elementor-widget-heading\" data-id=\"bc1e177\" data-element_type=\"widget\" data-widget_type=\"heading.default\">\n\t\t\t\t<div class=\"elementor-widget-container\">\n\t\t\t<h2 class=\"elementor-heading-title elementor-size-default\">Die Umgebung<\/h2>\t\t<\/div>\n\t\t\t\t<\/div>\n\t\t\t\t<div class=\"elementor-element elementor-element-42feb9a elementor--h-position-center elementor--v-position-middle elementor-arrows-position-inside elementor-pagination-position-inside elementor-widget elementor-widget-slides\" data-id=\"42feb9a\" data-element_type=\"widget\" data-settings=\"{&quot;navigation&quot;:&quot;both&quot;,&quot;autoplay&quot;:&quot;yes&quot;,&quot;pause_on_hover&quot;:&quot;yes&quot;,&quot;pause_on_interaction&quot;:&quot;yes&quot;,&quot;autoplay_speed&quot;:5000,&quot;infinite&quot;:&quot;yes&quot;,&quot;transition&quot;:&quot;slide&quot;,&quot;transition_speed&quot;:500}\" data-widget_type=\"slides.default\">\n\t\t\t\t<div class=\"elementor-widget-container\">\n\t\t\t\t\t<div class=\"elementor-swiper\">\n\t\t\t<div class=\"elementor-slides-wrapper elementor-main-swiper swiper-container\" dir=\"ltr\" data-animation=\"fadeInUp\">\n\t\t\t\t<div class=\"swiper-wrapper elementor-slides\">\n\t\t\t\t\t\t\t\t\t\t<div class=\"elementor-repeater-item-c312a4e swiper-slide\"><div class=\"swiper-slide-bg\" role=\"img\"><\/div><a class=\"swiper-slide-inner\" href=\"https:\/\/www.sjotorp.se\/\" target=\"_blank\"><div class=\"swiper-slide-contents\"><div class=\"elementor-slide-heading\">Sj\u00f6torp<\/div><div class=\"elementor-slide-description\">Eine Sommeridylle am See V\u00e4nern, wo der G\u00f6ta Kanal beginnt<\/div><div  class=\"elementor-button elementor-slide-button elementor-size-sm\">Klicken Sie hier<\/div><\/div><\/a><\/div><div class=\"elementor-repeater-item-83912e1 swiper-slide\"><div class=\"swiper-slide-bg\" role=\"img\"><\/div><a class=\"swiper-slide-inner\" href=\"https:\/\/www.vastsverige.com\/mariestad\/\" target=\"_blank\"><div class=\"swiper-slide-contents\"><div class=\"elementor-slide-heading\">Mariestad<\/div><div class=\"elementor-slide-description\">Kleinstadt am See V\u00e4nern, mit einer h\u00fcbschen Altstadt und der Domkirche<\/div><div  class=\"elementor-button elementor-slide-button elementor-size-sm\">Klicken Sie hier<\/div><\/div><\/a><\/div><div class=\"elementor-repeater-item-6c74685 swiper-slide\"><div class=\"swiper-slide-bg\" role=\"img\"><\/div><a class=\"swiper-slide-inner\" href=\"http:\/\/www.kooperativetlaxen.se\/index.php\/dressin\" target=\"_blank\"><div class=\"swiper-slide-contents\"><div class=\"elementor-slide-heading\">Dressin<\/div><div class=\"elementor-slide-description\">Ab Gullsp\u00e5ng nach Torved kann man mit Draisinen durch h\u00fcbsche Landschaft fahre<\/div><div  class=\"elementor-button elementor-slide-button elementor-size-sm\">Klicken Sie hier<\/div><\/div><\/a><\/div><div class=\"elementor-repeater-item-c51ee61 swiper-slide\"><div class=\"swiper-slide-bg\" role=\"img\"><\/div><a class=\"swiper-slide-inner\" href=\"https:\/\/www.vastsverige.com\/lackokinnekulle\/kinnekulle\/\" target=\"_blank\"><div class=\"swiper-slide-contents\"><div class=\"elementor-slide-heading\">Tafelberg Kinnekulle<\/div><div class=\"elementor-slide-description\">Wanderwege und ein Pilgerweg mit grossartigen Aussichte<\/div><div  class=\"elementor-button elementor-slide-button elementor-size-sm\">Klicken Sie hier<\/div><\/div><\/a><\/div><div class=\"elementor-repeater-item-51aa4b2 swiper-slide\"><div class=\"swiper-slide-bg\" role=\"img\"><\/div><a class=\"swiper-slide-inner\" href=\"https:\/\/www.vastsverige.com\/toreboda\/\" target=\"_blank\"><div class=\"swiper-slide-contents\"><div class=\"elementor-slide-heading\">T\u00f6reboda<\/div><div class=\"elementor-slide-description\">Die kleine Stadt am G\u00f6ta Kana<\/div><div  class=\"elementor-button elementor-slide-button elementor-size-sm\">Klicken Sie hier<\/div><\/div><\/a><\/div>\t\t\t\t<\/div>\n\t\t\t\t\t\t\t\t\t\t\t\t\t\t\t<div class=\"swiper-pagination\"><\/div>\n\t\t\t\t\t\t\t\t\t\t\t\t\t\t\t\t<div class=\"elementor-swiper-button elementor-swiper-button-prev\" role=\"button\" tabindex=\"0\">\n\t\t\t\t\t\t\t<i aria-hidden=\"true\" class=\"eicon-chevron-left\"><\/i>\t\t\t\t\t\t\t<span class=\"elementor-screen-only\">Vorheriger Slide<\/span>\n\t\t\t\t\t\t<\/div>\n\t\t\t\t\t\t<div class=\"elementor-swiper-button elementor-swiper-button-next\" role=\"button\" tabindex=\"0\">\n\t\t\t\t\t\t\t<i aria-hidden=\"true\" class=\"eicon-chevron-right\"><\/i>\t\t\t\t\t\t\t<span class=\"elementor-screen-only\">N\u00e4chster Slide<\/span>\n\t\t\t\t\t\t<\/div>\n\t\t\t\t\t\t\t\t\t\t\t\t<\/div>\n\t\t<\/div>\n\t\t\t\t<\/div>\n\t\t\t\t<\/div>\n\t\t\t\t<div class=\"elementor-element elementor-element-403e2ab elementor-widget elementor-widget-spacer\" data-id=\"403e2ab\" data-element_type=\"widget\" data-widget_type=\"spacer.default\">\n\t\t\t\t<div class=\"elementor-widget-container\">\n\t\t\t\t\t<div class=\"elementor-spacer\">\n\t\t\t<div class=\"elementor-spacer-inner\"><\/div>\n\t\t<\/div>\n\t\t\t\t<\/div>\n\t\t\t\t<\/div>\n\t\t\t\t\t\t<\/div>\n\t\t\t\t\t<\/div>\n\t\t<\/div>\n\t\t\t\t\t\t\t\t<\/div>\n\t\t\t\t\t<\/div>\n\t\t<\/section>\n\t\t\t\t\t\t\t\t\t<\/div>\n\t\t\t<\/div>\n\t\t\t\t\t<\/div>\n\t\t","protected":false},"excerpt":{"rendered":"<p>G\u00f6ta kanal FahrradfahrenRadeln Sie in h\u00fcbscher Natur entlang des G\u00f6ta KanalsKlicken Sie hierSchifffahrtenTagesfahrt oder Kreuzfahrt auf dem G\u00f6ta KanalKlicken Sie hierWandernSch\u00f6ne Wanderwege in der Umgebung des KanalsKlicken Sie hier Previous slide Next slide Lyrestad Daisy\u00b4s PlaceCaf\u00e9 mit hausgemachtem Geb\u00e4ck und Aussicht auf den G\u00f6ta KanaKlicken Sie hierHamnmagasinetDie Geschichte des DorfeKlicken Sie hierFreijs livsUnser lokales Lebensmittelgesch\u00e4ft [&hellip;]<\/p>\n","protected":false},"author":1,"featured_media":0,"parent":0,"menu_order":0,"comment_status":"closed","ping_status":"closed","template":"elementor_header_footer","meta":{"footnotes":""},"class_list":["post-1529","page","type-page","status-publish","hentry"],"yoast_head":"<!-- This site is optimized with the Yoast SEO plugin v20.8 - https:\/\/yoast.com\/wordpress\/plugins\/seo\/ -->\n<title>Sehen und erleben &bull; Lyrsta R B&amp;B<\/title>\n<meta name=\"robots\" content=\"index, follow, max-snippet:-1, max-image-preview:large, max-video-preview:-1\" \/>\n<link rel=\"canonical\" href=\"https:\/\/lyrsta.se\/de\/se-och-gora\/\" \/>\n<meta property=\"og:locale\" content=\"de_DE\" \/>\n<meta property=\"og:type\" content=\"article\" \/>\n<meta property=\"og:title\" content=\"Sehen und erleben &bull; Lyrsta R B&amp;B\" \/>\n<meta property=\"og:description\" content=\"G\u00f6ta kanal FahrradfahrenRadeln Sie in h\u00fcbscher Natur entlang des G\u00f6ta KanalsKlicken Sie hierSchifffahrtenTagesfahrt oder Kreuzfahrt auf dem G\u00f6ta KanalKlicken Sie hierWandernSch\u00f6ne Wanderwege in der Umgebung des KanalsKlicken Sie hier Previous slide Next slide Lyrestad Daisy\u00b4s PlaceCaf\u00e9 mit hausgemachtem Geb\u00e4ck und Aussicht auf den G\u00f6ta KanaKlicken Sie hierHamnmagasinetDie Geschichte des DorfeKlicken Sie hierFreijs livsUnser lokales Lebensmittelgesch\u00e4ft [&hellip;]\" \/>\n<meta property=\"og:url\" content=\"https:\/\/lyrsta.se\/de\/se-och-gora\/\" \/>\n<meta property=\"og:site_name\" content=\"Lyrsta R B&amp;B\" \/>\n<meta property=\"article:modified_time\" content=\"2023-05-10T14:22:56+00:00\" \/>\n<meta name=\"twitter:card\" content=\"summary_large_image\" \/>\n<meta name=\"twitter:label1\" content=\"Gesch\u00e4tzte Lesezeit\" \/>\n\t<meta name=\"twitter:data1\" content=\"3\u00a0Minuten\" \/>\n<script type=\"application\/ld+json\" class=\"yoast-schema-graph\">{\"@context\":\"https:\/\/schema.org\",\"@graph\":[{\"@type\":\"WebPage\",\"@id\":\"https:\/\/lyrsta.se\/de\/se-och-gora\/\",\"url\":\"https:\/\/lyrsta.se\/de\/se-och-gora\/\",\"name\":\"Sehen und erleben &bull; Lyrsta R B&amp;B\",\"isPartOf\":{\"@id\":\"https:\/\/lyrsta.se\/de\/#website\"},\"datePublished\":\"2021-02-08T13:36:06+00:00\",\"dateModified\":\"2023-05-10T14:22:56+00:00\",\"breadcrumb\":{\"@id\":\"https:\/\/lyrsta.se\/de\/se-och-gora\/#breadcrumb\"},\"inLanguage\":\"de\",\"potentialAction\":[{\"@type\":\"ReadAction\",\"target\":[\"https:\/\/lyrsta.se\/de\/se-och-gora\/\"]}]},{\"@type\":\"BreadcrumbList\",\"@id\":\"https:\/\/lyrsta.se\/de\/se-och-gora\/#breadcrumb\",\"itemListElement\":[{\"@type\":\"ListItem\",\"position\":1,\"name\":\"Hem\",\"item\":\"https:\/\/lyrsta.se\/de\/\"},{\"@type\":\"ListItem\",\"position\":2,\"name\":\"Sehen und erleben\"}]},{\"@type\":\"WebSite\",\"@id\":\"https:\/\/lyrsta.se\/de\/#website\",\"url\":\"https:\/\/lyrsta.se\/de\/\",\"name\":\"Lyrsta R B&amp;B\",\"description\":\"lyrsta\",\"publisher\":{\"@id\":\"https:\/\/lyrsta.se\/de\/#organization\"},\"potentialAction\":[{\"@type\":\"SearchAction\",\"target\":{\"@type\":\"EntryPoint\",\"urlTemplate\":\"https:\/\/lyrsta.se\/de\/?s={search_term_string}\"},\"query-input\":\"required name=search_term_string\"}],\"inLanguage\":\"de\"},{\"@type\":\"Organization\",\"@id\":\"https:\/\/lyrsta.se\/de\/#organization\",\"name\":\"Lyrsta R B&B\",\"url\":\"https:\/\/lyrsta.se\/de\/\",\"logo\":{\"@type\":\"ImageObject\",\"inLanguage\":\"de\",\"@id\":\"https:\/\/lyrsta.se\/de\/#\/schema\/logo\/image\/\",\"url\":\"https:\/\/lyrsta.se\/wp-content\/uploads\/2021\/02\/base_logo_transparent_background.png\",\"contentUrl\":\"https:\/\/lyrsta.se\/wp-content\/uploads\/2021\/02\/base_logo_transparent_background.png\",\"width\":3125,\"height\":1875,\"caption\":\"Lyrsta R B&B\"},\"image\":{\"@id\":\"https:\/\/lyrsta.se\/de\/#\/schema\/logo\/image\/\"}}]}<\/script>\n<!-- \/ Yoast SEO plugin. -->","yoast_head_json":{"title":"Sehen und erleben &bull; Lyrsta R B&amp;B","robots":{"index":"index","follow":"follow","max-snippet":"max-snippet:-1","max-image-preview":"max-image-preview:large","max-video-preview":"max-video-preview:-1"},"canonical":"https:\/\/lyrsta.se\/de\/se-och-gora\/","og_locale":"de_DE","og_type":"article","og_title":"Sehen und erleben &bull; Lyrsta R B&amp;B","og_description":"G\u00f6ta kanal FahrradfahrenRadeln Sie in h\u00fcbscher Natur entlang des G\u00f6ta KanalsKlicken Sie hierSchifffahrtenTagesfahrt oder Kreuzfahrt auf dem G\u00f6ta KanalKlicken Sie hierWandernSch\u00f6ne Wanderwege in der Umgebung des KanalsKlicken Sie hier Previous slide Next slide Lyrestad Daisy\u00b4s PlaceCaf\u00e9 mit hausgemachtem Geb\u00e4ck und Aussicht auf den G\u00f6ta KanaKlicken Sie hierHamnmagasinetDie Geschichte des DorfeKlicken Sie hierFreijs livsUnser lokales Lebensmittelgesch\u00e4ft [&hellip;]","og_url":"https:\/\/lyrsta.se\/de\/se-och-gora\/","og_site_name":"Lyrsta R B&amp;B","article_modified_time":"2023-05-10T14:22:56+00:00","twitter_card":"summary_large_image","twitter_misc":{"Gesch\u00e4tzte Lesezeit":"3\u00a0Minuten"},"schema":{"@context":"https:\/\/schema.org","@graph":[{"@type":"WebPage","@id":"https:\/\/lyrsta.se\/de\/se-och-gora\/","url":"https:\/\/lyrsta.se\/de\/se-och-gora\/","name":"Sehen und erleben &bull; Lyrsta R B&amp;B","isPartOf":{"@id":"https:\/\/lyrsta.se\/de\/#website"},"datePublished":"2021-02-08T13:36:06+00:00","dateModified":"2023-05-10T14:22:56+00:00","breadcrumb":{"@id":"https:\/\/lyrsta.se\/de\/se-och-gora\/#breadcrumb"},"inLanguage":"de","potentialAction":[{"@type":"ReadAction","target":["https:\/\/lyrsta.se\/de\/se-och-gora\/"]}]},{"@type":"BreadcrumbList","@id":"https:\/\/lyrsta.se\/de\/se-och-gora\/#breadcrumb","itemListElement":[{"@type":"ListItem","position":1,"name":"Hem","item":"https:\/\/lyrsta.se\/de\/"},{"@type":"ListItem","position":2,"name":"Sehen und erleben"}]},{"@type":"WebSite","@id":"https:\/\/lyrsta.se\/de\/#website","url":"https:\/\/lyrsta.se\/de\/","name":"Lyrsta R B&amp;B","description":"lyrsta","publisher":{"@id":"https:\/\/lyrsta.se\/de\/#organization"},"potentialAction":[{"@type":"SearchAction","target":{"@type":"EntryPoint","urlTemplate":"https:\/\/lyrsta.se\/de\/?s={search_term_string}"},"query-input":"required name=search_term_string"}],"inLanguage":"de"},{"@type":"Organization","@id":"https:\/\/lyrsta.se\/de\/#organization","name":"Lyrsta R B&B","url":"https:\/\/lyrsta.se\/de\/","logo":{"@type":"ImageObject","inLanguage":"de","@id":"https:\/\/lyrsta.se\/de\/#\/schema\/logo\/image\/","url":"https:\/\/lyrsta.se\/wp-content\/uploads\/2021\/02\/base_logo_transparent_background.png","contentUrl":"https:\/\/lyrsta.se\/wp-content\/uploads\/2021\/02\/base_logo_transparent_background.png","width":3125,"height":1875,"caption":"Lyrsta R B&B"},"image":{"@id":"https:\/\/lyrsta.se\/de\/#\/schema\/logo\/image\/"}}]}},"_links":{"self":[{"href":"https:\/\/lyrsta.se\/de\/wp-json\/wp\/v2\/pages\/1529","targetHints":{"allow":["GET"]}}],"collection":[{"href":"https:\/\/lyrsta.se\/de\/wp-json\/wp\/v2\/pages"}],"about":[{"href":"https:\/\/lyrsta.se\/de\/wp-json\/wp\/v2\/types\/page"}],"author":[{"embeddable":true,"href":"https:\/\/lyrsta.se\/de\/wp-json\/wp\/v2\/users\/1"}],"replies":[{"embeddable":true,"href":"https:\/\/lyrsta.se\/de\/wp-json\/wp\/v2\/comments?post=1529"}],"version-history":[{"count":7,"href":"https:\/\/lyrsta.se\/de\/wp-json\/wp\/v2\/pages\/1529\/revisions"}],"predecessor-version":[{"id":1613,"href":"https:\/\/lyrsta.se\/de\/wp-json\/wp\/v2\/pages\/1529\/revisions\/1613"}],"wp:attachment":[{"href":"https:\/\/lyrsta.se\/de\/wp-json\/wp\/v2\/media?parent=1529"}],"curies":[{"name":"wp","href":"https:\/\/api.w.org\/{rel}","templated":true}]}}