{"id":1535,"date":"2021-02-08T13:35:09","date_gmt":"2021-02-08T13:35:09","guid":{"rendered":"https:\/\/lyrsta.se\/om-oss\/"},"modified":"2023-05-15T13:29:15","modified_gmt":"2023-05-15T13:29:15","slug":"om-oss","status":"publish","type":"page","link":"https:\/\/lyrsta.se\/de\/om-oss\/","title":{"rendered":"\u00dcber uns"},"content":{"rendered":"\t\t<div data-elementor-type=\"wp-page\" data-elementor-id=\"1535\" class=\"elementor elementor-1535 elementor-9\">\n\t\t\t\t\t\t<div class=\"elementor-inner\">\n\t\t\t\t<div class=\"elementor-section-wrap\">\n\t\t\t\t\t\t\t\t\t<section class=\"elementor-section elementor-top-section elementor-element elementor-element-453c203 elementor-section-boxed elementor-section-height-default elementor-section-height-default\" data-id=\"453c203\" data-element_type=\"section\">\n\t\t\t\t\t\t<div class=\"elementor-container elementor-column-gap-default\">\n\t\t\t\t\t\t\t<div class=\"elementor-row\">\n\t\t\t\t\t<div class=\"elementor-column elementor-col-100 elementor-top-column elementor-element elementor-element-481eae8\" data-id=\"481eae8\" data-element_type=\"column\">\n\t\t\t<div class=\"elementor-column-wrap elementor-element-populated\">\n\t\t\t\t\t\t\t<div class=\"elementor-widget-wrap\">\n\t\t\t\t\t\t<div class=\"elementor-element elementor-element-3c8721e elementor-widget elementor-widget-heading\" data-id=\"3c8721e\" data-element_type=\"widget\" data-widget_type=\"heading.default\">\n\t\t\t\t<div class=\"elementor-widget-container\">\n\t\t\t<h2 class=\"elementor-heading-title elementor-size-default\">Vi som \u00e4ger och driver Lyrsta R B&B<\/h2>\t\t<\/div>\n\t\t\t\t<\/div>\n\t\t\t\t\t\t<\/div>\n\t\t\t\t\t<\/div>\n\t\t<\/div>\n\t\t\t\t\t\t\t\t<\/div>\n\t\t\t\t\t<\/div>\n\t\t<\/section>\n\t\t\t\t<section class=\"elementor-section elementor-top-section elementor-element elementor-element-54ef4ed elementor-section-boxed elementor-section-height-default elementor-section-height-default\" data-id=\"54ef4ed\" data-element_type=\"section\">\n\t\t\t\t\t\t<div class=\"elementor-container elementor-column-gap-default\">\n\t\t\t\t\t\t\t<div class=\"elementor-row\">\n\t\t\t\t\t<div class=\"elementor-column elementor-col-100 elementor-top-column elementor-element elementor-element-10a68c6\" data-id=\"10a68c6\" data-element_type=\"column\">\n\t\t\t<div class=\"elementor-column-wrap elementor-element-populated\">\n\t\t\t\t\t\t\t<div class=\"elementor-widget-wrap\">\n\t\t\t\t\t\t<div class=\"elementor-element elementor-element-4c5ab7d elementor-widget elementor-widget-spacer\" data-id=\"4c5ab7d\" data-element_type=\"widget\" data-widget_type=\"spacer.default\">\n\t\t\t\t<div class=\"elementor-widget-container\">\n\t\t\t\t\t<div class=\"elementor-spacer\">\n\t\t\t<div class=\"elementor-spacer-inner\"><\/div>\n\t\t<\/div>\n\t\t\t\t<\/div>\n\t\t\t\t<\/div>\n\t\t\t\t\t\t<\/div>\n\t\t\t\t\t<\/div>\n\t\t<\/div>\n\t\t\t\t\t\t\t\t<\/div>\n\t\t\t\t\t<\/div>\n\t\t<\/section>\n\t\t\t\t<section class=\"elementor-section elementor-top-section elementor-element elementor-element-bfa0611 elementor-section-boxed elementor-section-height-default elementor-section-height-default\" data-id=\"bfa0611\" data-element_type=\"section\">\n\t\t\t\t\t\t<div class=\"elementor-container elementor-column-gap-default\">\n\t\t\t\t\t\t\t<div class=\"elementor-row\">\n\t\t\t\t\t<div class=\"elementor-column elementor-col-100 elementor-top-column elementor-element elementor-element-8d4f50a\" data-id=\"8d4f50a\" data-element_type=\"column\">\n\t\t\t<div class=\"elementor-column-wrap elementor-element-populated\">\n\t\t\t\t\t\t\t<div class=\"elementor-widget-wrap\">\n\t\t\t\t\t\t<div class=\"elementor-element elementor-element-4a5edd2 elementor-widget elementor-widget-image\" data-id=\"4a5edd2\" data-element_type=\"widget\" data-widget_type=\"image.default\">\n\t\t\t\t<div class=\"elementor-widget-container\">\n\t\t\t\t\t\t\t\t<div class=\"elementor-image\">\n\t\t\t\t\t\t\t\t\t\t\t\t<img loading=\"lazy\" decoding=\"async\" width=\"800\" height=\"416\" src=\"https:\/\/lyrsta.se\/wp-content\/uploads\/2021\/05\/Huset-version-2-1024x532.jpg\" class=\"attachment-large size-large wp-image-1133\" alt=\"\" srcset=\"https:\/\/lyrsta.se\/wp-content\/uploads\/2021\/05\/Huset-version-2-1024x532.jpg 1024w, https:\/\/lyrsta.se\/wp-content\/uploads\/2021\/05\/Huset-version-2-300x156.jpg 300w, https:\/\/lyrsta.se\/wp-content\/uploads\/2021\/05\/Huset-version-2-768x399.jpg 768w, https:\/\/lyrsta.se\/wp-content\/uploads\/2021\/05\/Huset-version-2-1536x798.jpg 1536w, https:\/\/lyrsta.se\/wp-content\/uploads\/2021\/05\/Huset-version-2-2048x1064.jpg 2048w\" sizes=\"auto, (max-width: 800px) 100vw, 800px\" \/>\t\t\t\t\t\t\t\t\t\t\t\t\t\t<\/div>\n\t\t\t\t\t\t<\/div>\n\t\t\t\t<\/div>\n\t\t\t\t\t\t<\/div>\n\t\t\t\t\t<\/div>\n\t\t<\/div>\n\t\t\t\t\t\t\t\t<\/div>\n\t\t\t\t\t<\/div>\n\t\t<\/section>\n\t\t\t\t<section class=\"elementor-section elementor-top-section elementor-element elementor-element-d0fb197 elementor-section-boxed elementor-section-height-default elementor-section-height-default\" data-id=\"d0fb197\" data-element_type=\"section\">\n\t\t\t\t\t\t<div class=\"elementor-container elementor-column-gap-default\">\n\t\t\t\t\t\t\t<div class=\"elementor-row\">\n\t\t\t\t\t<div class=\"elementor-column elementor-col-100 elementor-top-column elementor-element elementor-element-af6b0f9\" data-id=\"af6b0f9\" data-element_type=\"column\">\n\t\t\t<div class=\"elementor-column-wrap\">\n\t\t\t\t\t\t\t<div class=\"elementor-widget-wrap\">\n\t\t\t\t\t\t\t\t<\/div>\n\t\t\t\t\t<\/div>\n\t\t<\/div>\n\t\t\t\t\t\t\t\t<\/div>\n\t\t\t\t\t<\/div>\n\t\t<\/section>\n\t\t\t\t<section class=\"elementor-section elementor-top-section elementor-element elementor-element-18b93ae elementor-section-boxed elementor-section-height-default elementor-section-height-default\" data-id=\"18b93ae\" data-element_type=\"section\">\n\t\t\t\t\t\t<div class=\"elementor-container elementor-column-gap-default\">\n\t\t\t\t\t\t\t<div class=\"elementor-row\">\n\t\t\t\t\t<div class=\"elementor-column elementor-col-100 elementor-top-column elementor-element elementor-element-a3fcccd\" data-id=\"a3fcccd\" data-element_type=\"column\">\n\t\t\t<div class=\"elementor-column-wrap elementor-element-populated\">\n\t\t\t\t\t\t\t<div class=\"elementor-widget-wrap\">\n\t\t\t\t\t\t<div class=\"elementor-element elementor-element-62b69bb elementor-widget elementor-widget-spacer\" data-id=\"62b69bb\" data-element_type=\"widget\" data-widget_type=\"spacer.default\">\n\t\t\t\t<div class=\"elementor-widget-container\">\n\t\t\t\t\t<div class=\"elementor-spacer\">\n\t\t\t<div class=\"elementor-spacer-inner\"><\/div>\n\t\t<\/div>\n\t\t\t\t<\/div>\n\t\t\t\t<\/div>\n\t\t\t\t\t\t<\/div>\n\t\t\t\t\t<\/div>\n\t\t<\/div>\n\t\t\t\t\t\t\t\t<\/div>\n\t\t\t\t\t<\/div>\n\t\t<\/section>\n\t\t\t\t<section class=\"elementor-section elementor-top-section elementor-element elementor-element-64ca83e elementor-section-boxed elementor-section-height-default elementor-section-height-default\" data-id=\"64ca83e\" data-element_type=\"section\">\n\t\t\t\t\t\t<div class=\"elementor-container elementor-column-gap-default\">\n\t\t\t\t\t\t\t<div class=\"elementor-row\">\n\t\t\t\t\t<div class=\"elementor-column elementor-col-100 elementor-top-column elementor-element elementor-element-1cc1258\" data-id=\"1cc1258\" data-element_type=\"column\">\n\t\t\t<div class=\"elementor-column-wrap elementor-element-populated\">\n\t\t\t\t\t\t\t<div class=\"elementor-widget-wrap\">\n\t\t\t\t\t\t<div class=\"elementor-element elementor-element-c03cb0a elementor-widget elementor-widget-text-editor\" data-id=\"c03cb0a\" data-element_type=\"widget\" data-widget_type=\"text-editor.default\">\n\t\t\t\t<div class=\"elementor-widget-container\">\n\t\t\t\t\t\t\t\t<div class=\"elementor-text-editor elementor-clearfix\">\n\t\t\t\t<p>Wir, die Besitzer von Lyrsta R B&amp;B, hei\u00dfen G\u00f6ran Wiberg und Katarina Viberg Hedman. Nach gut 20 Jahre in \u00d6rebro entschieden wir uns, die Tretm\u00fchle des Alltags zu verlassen und im verbleibenden Teil unseres Berufslebens etwas gemeinsam zu machen. Im Februar 2020 entdeckten wir unser Traumhaus hier in Lyrestad, gleich neben dem G\u00f6ta-Kanal, und entschlossen uns, den Sprung zu wagen und ein B&amp;B- und Retreat-Angebot aufzubauen.<\/p><p>G\u00f6rans beruflicher Hintergrund ist ein langes Leben in der Transportbranche und er hat au\u00dferdem viele Jahre als Medienp\u00e4dagoge gearbeitet. Dar\u00fcber hinaus besitzt er eine musikalische Ader und hat zahlreiche Songs geschrieben, die er schon hier und dort auf lokalen B\u00fchnen dargeboten hat. Eine Begabung, der er bis ans Lebensende nachgehen wird.<\/p><p>Katarina war viele Jahre im \u00f6ffentlichen Sektor besch\u00e4ftigt. Tiere und Natur lagen ihr schon immer sehr am Herzen und vor allem Pferde und Reiten haben einen gro\u00dfen Teil ihres Lebens ausgemacht. Inzwischen sind lange Spazierg\u00e4nge und Training mit dem Hund Bosse angesagt. Ihrer kreativen Ader l\u00e4sst sie beim Schreiben freien Lauf. Sowohl Songtexte als auch Novellen und ein Roman sind \u00fcber die Jahre hinweg entstanden.<\/p>\t\t\t\t\t<\/div>\n\t\t\t\t\t\t<\/div>\n\t\t\t\t<\/div>\n\t\t\t\t\t\t<\/div>\n\t\t\t\t\t<\/div>\n\t\t<\/div>\n\t\t\t\t\t\t\t\t<\/div>\n\t\t\t\t\t<\/div>\n\t\t<\/section>\n\t\t\t\t<section class=\"elementor-section elementor-top-section elementor-element elementor-element-a428870 elementor-section-boxed elementor-section-height-default elementor-section-height-default\" data-id=\"a428870\" data-element_type=\"section\">\n\t\t\t\t\t\t<div class=\"elementor-container elementor-column-gap-default\">\n\t\t\t\t\t\t\t<div class=\"elementor-row\">\n\t\t\t\t\t<div class=\"elementor-column elementor-col-100 elementor-top-column elementor-element elementor-element-633ab7d\" data-id=\"633ab7d\" data-element_type=\"column\">\n\t\t\t<div class=\"elementor-column-wrap elementor-element-populated\">\n\t\t\t\t\t\t\t<div class=\"elementor-widget-wrap\">\n\t\t\t\t\t\t<div class=\"elementor-element elementor-element-b490bd6 elementor-widget elementor-widget-spacer\" data-id=\"b490bd6\" data-element_type=\"widget\" data-widget_type=\"spacer.default\">\n\t\t\t\t<div class=\"elementor-widget-container\">\n\t\t\t\t\t<div class=\"elementor-spacer\">\n\t\t\t<div class=\"elementor-spacer-inner\"><\/div>\n\t\t<\/div>\n\t\t\t\t<\/div>\n\t\t\t\t<\/div>\n\t\t\t\t<div class=\"elementor-element elementor-element-69a5666 elementor-widget elementor-widget-gallery\" data-id=\"69a5666\" data-element_type=\"widget\" data-settings=\"{&quot;lazyload&quot;:&quot;yes&quot;,&quot;gallery_layout&quot;:&quot;grid&quot;,&quot;columns&quot;:4,&quot;columns_tablet&quot;:2,&quot;columns_mobile&quot;:1,&quot;gap&quot;:{&quot;unit&quot;:&quot;px&quot;,&quot;size&quot;:10,&quot;sizes&quot;:[]},&quot;gap_tablet&quot;:{&quot;unit&quot;:&quot;px&quot;,&quot;size&quot;:10,&quot;sizes&quot;:[]},&quot;gap_mobile&quot;:{&quot;unit&quot;:&quot;px&quot;,&quot;size&quot;:10,&quot;sizes&quot;:[]},&quot;link_to&quot;:&quot;file&quot;,&quot;aspect_ratio&quot;:&quot;3:2&quot;,&quot;overlay_background&quot;:&quot;yes&quot;,&quot;content_hover_animation&quot;:&quot;fade-in&quot;}\" data-widget_type=\"gallery.default\">\n\t\t\t\t<div class=\"elementor-widget-container\">\n\t\t\t\t\t<div class=\"elementor-gallery__container\">\n\t\t\t\t\t\t\t<a class=\"e-gallery-item elementor-gallery-item elementor-animated-content\" href=\"https:\/\/lyrsta.se\/wp-content\/uploads\/2021\/04\/Bossebild5.jpg\" data-elementor-open-lightbox=\"yes\" data-elementor-lightbox-slideshow=\"all-69a5666\" data-elementor-lightbox-title=\"Bossebild5\" data-e-action-hash=\"#elementor-action%3Aaction%3Dlightbox%26settings%3DeyJpZCI6NTEzLCJ1cmwiOiJodHRwczpcL1wvbHlyc3RhLnNlXC93cC1jb250ZW50XC91cGxvYWRzXC8yMDIxXC8wNFwvQm9zc2ViaWxkNS5qcGciLCJzbGlkZXNob3ciOiJhbGwtNjlhNTY2NiJ9\">\n\t\t\t\t\t<div class=\"e-gallery-image elementor-gallery-item__image\" data-thumbnail=\"https:\/\/lyrsta.se\/wp-content\/uploads\/2021\/04\/Bossebild5-300x225.jpg\" data-width=\"300\" data-height=\"225\" aria-label=\"\" role=\"img\" ><\/div>\n\t\t\t\t\t\t\t\t\t\t\t<div class=\"elementor-gallery-item__overlay\"><\/div>\n\t\t\t\t\t\t\t\t\t\t\t\t\t\t<\/a>\n\t\t\t\t\t\t\t<a class=\"e-gallery-item elementor-gallery-item elementor-animated-content\" href=\"https:\/\/lyrsta.se\/wp-content\/uploads\/2021\/04\/Jag-och-Goran.jpg\" data-elementor-open-lightbox=\"yes\" data-elementor-lightbox-slideshow=\"all-69a5666\" data-elementor-lightbox-title=\"Jag och G\u00f6ran\" data-e-action-hash=\"#elementor-action%3Aaction%3Dlightbox%26settings%3DeyJpZCI6NTExLCJ1cmwiOiJodHRwczpcL1wvbHlyc3RhLnNlXC93cC1jb250ZW50XC91cGxvYWRzXC8yMDIxXC8wNFwvSmFnLW9jaC1Hb3Jhbi5qcGciLCJzbGlkZXNob3ciOiJhbGwtNjlhNTY2NiJ9\">\n\t\t\t\t\t<div class=\"e-gallery-image elementor-gallery-item__image\" data-thumbnail=\"https:\/\/lyrsta.se\/wp-content\/uploads\/2021\/04\/Jag-och-Goran-300x300.jpg\" data-width=\"300\" data-height=\"300\" aria-label=\"\" role=\"img\" ><\/div>\n\t\t\t\t\t\t\t\t\t\t\t<div class=\"elementor-gallery-item__overlay\"><\/div>\n\t\t\t\t\t\t\t\t\t\t\t\t\t\t<\/a>\n\t\t\t\t\t\t\t<a class=\"e-gallery-item elementor-gallery-item elementor-animated-content\" href=\"https:\/\/lyrsta.se\/wp-content\/uploads\/2021\/05\/lyrstafoto-tuana-210523-295-scaled.jpg\" data-elementor-open-lightbox=\"yes\" data-elementor-lightbox-slideshow=\"all-69a5666\" data-elementor-lightbox-title=\"lyrstafoto-tuana-210523-295\" data-e-action-hash=\"#elementor-action%3Aaction%3Dlightbox%26settings%3DeyJpZCI6MTExNSwidXJsIjoiaHR0cHM6XC9cL2x5cnN0YS5zZVwvd3AtY29udGVudFwvdXBsb2Fkc1wvMjAyMVwvMDVcL2x5cnN0YWZvdG8tdHVhbmEtMjEwNTIzLTI5NS1zY2FsZWQuanBnIiwic2xpZGVzaG93IjoiYWxsLTY5YTU2NjYifQ%3D%3D\">\n\t\t\t\t\t<div class=\"e-gallery-image elementor-gallery-item__image\" data-thumbnail=\"https:\/\/lyrsta.se\/wp-content\/uploads\/2021\/05\/lyrstafoto-tuana-210523-295-300x200.jpg\" data-width=\"300\" data-height=\"200\" aria-label=\"\" role=\"img\" ><\/div>\n\t\t\t\t\t\t\t\t\t\t\t<div class=\"elementor-gallery-item__overlay\"><\/div>\n\t\t\t\t\t\t\t\t\t\t\t\t\t\t<\/a>\n\t\t\t\t\t\t\t<a class=\"e-gallery-item elementor-gallery-item elementor-animated-content\" href=\"https:\/\/lyrsta.se\/wp-content\/uploads\/2021\/05\/lyrstafoto-tuana-210523-447-scaled.jpg\" data-elementor-open-lightbox=\"yes\" data-elementor-lightbox-slideshow=\"all-69a5666\" data-elementor-lightbox-title=\"lyrstafoto-tuana-210523-447\" data-e-action-hash=\"#elementor-action%3Aaction%3Dlightbox%26settings%3DeyJpZCI6MTEyMCwidXJsIjoiaHR0cHM6XC9cL2x5cnN0YS5zZVwvd3AtY29udGVudFwvdXBsb2Fkc1wvMjAyMVwvMDVcL2x5cnN0YWZvdG8tdHVhbmEtMjEwNTIzLTQ0Ny1zY2FsZWQuanBnIiwic2xpZGVzaG93IjoiYWxsLTY5YTU2NjYifQ%3D%3D\">\n\t\t\t\t\t<div class=\"e-gallery-image elementor-gallery-item__image\" data-thumbnail=\"https:\/\/lyrsta.se\/wp-content\/uploads\/2021\/05\/lyrstafoto-tuana-210523-447-300x200.jpg\" data-width=\"300\" data-height=\"200\" aria-label=\"\" role=\"img\" ><\/div>\n\t\t\t\t\t\t\t\t\t\t\t<div class=\"elementor-gallery-item__overlay\"><\/div>\n\t\t\t\t\t\t\t\t\t\t\t\t\t\t<\/a>\n\t\t\t\t\t<\/div>\n\t\t\t<\/div>\n\t\t\t\t<\/div>\n\t\t\t\t\t\t<\/div>\n\t\t\t\t\t<\/div>\n\t\t<\/div>\n\t\t\t\t\t\t\t\t<\/div>\n\t\t\t\t\t<\/div>\n\t\t<\/section>\n\t\t\t\t\t\t\t\t\t<\/div>\n\t\t\t<\/div>\n\t\t\t\t\t<\/div>\n\t\t","protected":false},"excerpt":{"rendered":"<p>Vi som \u00e4ger och driver Lyrsta R B&#038;B Wir, die Besitzer von Lyrsta R B&amp;B, hei\u00dfen G\u00f6ran Wiberg und Katarina Viberg Hedman. Nach gut 20 Jahre in \u00d6rebro entschieden wir uns, die Tretm\u00fchle des Alltags zu verlassen und im verbleibenden Teil unseres Berufslebens etwas gemeinsam zu machen. Im Februar 2020 entdeckten wir unser Traumhaus hier [&hellip;]<\/p>\n","protected":false},"author":1,"featured_media":0,"parent":0,"menu_order":0,"comment_status":"closed","ping_status":"closed","template":"elementor_header_footer","meta":{"footnotes":""},"class_list":["post-1535","page","type-page","status-publish","hentry"],"yoast_head":"<!-- This site is optimized with the Yoast SEO plugin v20.8 - https:\/\/yoast.com\/wordpress\/plugins\/seo\/ -->\n<title>\u00dcber uns &bull; Lyrsta R B&amp;B<\/title>\n<meta name=\"robots\" content=\"index, follow, max-snippet:-1, max-image-preview:large, max-video-preview:-1\" \/>\n<link rel=\"canonical\" href=\"https:\/\/lyrsta.se\/de\/om-oss\/\" \/>\n<meta property=\"og:locale\" content=\"de_DE\" \/>\n<meta property=\"og:type\" content=\"article\" \/>\n<meta property=\"og:title\" content=\"\u00dcber uns &bull; Lyrsta R B&amp;B\" \/>\n<meta property=\"og:description\" content=\"Vi som \u00e4ger och driver Lyrsta R B&#038;B Wir, die Besitzer von Lyrsta R B&amp;B, hei\u00dfen G\u00f6ran Wiberg und Katarina Viberg Hedman. Nach gut 20 Jahre in \u00d6rebro entschieden wir uns, die Tretm\u00fchle des Alltags zu verlassen und im verbleibenden Teil unseres Berufslebens etwas gemeinsam zu machen. Im Februar 2020 entdeckten wir unser Traumhaus hier [&hellip;]\" \/>\n<meta property=\"og:url\" content=\"https:\/\/lyrsta.se\/de\/om-oss\/\" \/>\n<meta property=\"og:site_name\" content=\"Lyrsta R B&amp;B\" \/>\n<meta property=\"article:modified_time\" content=\"2023-05-15T13:29:15+00:00\" \/>\n<meta property=\"og:image\" content=\"https:\/\/lyrsta.se\/wp-content\/uploads\/2021\/05\/Huset-version-2-1024x532.jpg\" \/>\n<meta name=\"twitter:card\" content=\"summary_large_image\" \/>\n<meta name=\"twitter:label1\" content=\"Gesch\u00e4tzte Lesezeit\" \/>\n\t<meta name=\"twitter:data1\" content=\"2\u00a0Minuten\" \/>\n<script type=\"application\/ld+json\" class=\"yoast-schema-graph\">{\"@context\":\"https:\/\/schema.org\",\"@graph\":[{\"@type\":\"WebPage\",\"@id\":\"https:\/\/lyrsta.se\/de\/om-oss\/\",\"url\":\"https:\/\/lyrsta.se\/de\/om-oss\/\",\"name\":\"\u00dcber uns &bull; Lyrsta R B&amp;B\",\"isPartOf\":{\"@id\":\"https:\/\/lyrsta.se\/de\/#website\"},\"datePublished\":\"2021-02-08T13:35:09+00:00\",\"dateModified\":\"2023-05-15T13:29:15+00:00\",\"breadcrumb\":{\"@id\":\"https:\/\/lyrsta.se\/de\/om-oss\/#breadcrumb\"},\"inLanguage\":\"de\",\"potentialAction\":[{\"@type\":\"ReadAction\",\"target\":[\"https:\/\/lyrsta.se\/de\/om-oss\/\"]}]},{\"@type\":\"BreadcrumbList\",\"@id\":\"https:\/\/lyrsta.se\/de\/om-oss\/#breadcrumb\",\"itemListElement\":[{\"@type\":\"ListItem\",\"position\":1,\"name\":\"Hem\",\"item\":\"https:\/\/lyrsta.se\/de\/\"},{\"@type\":\"ListItem\",\"position\":2,\"name\":\"\u00dcber uns\"}]},{\"@type\":\"WebSite\",\"@id\":\"https:\/\/lyrsta.se\/de\/#website\",\"url\":\"https:\/\/lyrsta.se\/de\/\",\"name\":\"Lyrsta R B&amp;B\",\"description\":\"lyrsta\",\"publisher\":{\"@id\":\"https:\/\/lyrsta.se\/de\/#organization\"},\"potentialAction\":[{\"@type\":\"SearchAction\",\"target\":{\"@type\":\"EntryPoint\",\"urlTemplate\":\"https:\/\/lyrsta.se\/de\/?s={search_term_string}\"},\"query-input\":\"required name=search_term_string\"}],\"inLanguage\":\"de\"},{\"@type\":\"Organization\",\"@id\":\"https:\/\/lyrsta.se\/de\/#organization\",\"name\":\"Lyrsta R B&B\",\"url\":\"https:\/\/lyrsta.se\/de\/\",\"logo\":{\"@type\":\"ImageObject\",\"inLanguage\":\"de\",\"@id\":\"https:\/\/lyrsta.se\/de\/#\/schema\/logo\/image\/\",\"url\":\"https:\/\/lyrsta.se\/wp-content\/uploads\/2021\/02\/base_logo_transparent_background.png\",\"contentUrl\":\"https:\/\/lyrsta.se\/wp-content\/uploads\/2021\/02\/base_logo_transparent_background.png\",\"width\":3125,\"height\":1875,\"caption\":\"Lyrsta R B&B\"},\"image\":{\"@id\":\"https:\/\/lyrsta.se\/de\/#\/schema\/logo\/image\/\"}}]}<\/script>\n<!-- \/ Yoast SEO plugin. -->","yoast_head_json":{"title":"\u00dcber uns &bull; Lyrsta R B&amp;B","robots":{"index":"index","follow":"follow","max-snippet":"max-snippet:-1","max-image-preview":"max-image-preview:large","max-video-preview":"max-video-preview:-1"},"canonical":"https:\/\/lyrsta.se\/de\/om-oss\/","og_locale":"de_DE","og_type":"article","og_title":"\u00dcber uns &bull; Lyrsta R B&amp;B","og_description":"Vi som \u00e4ger och driver Lyrsta R B&#038;B Wir, die Besitzer von Lyrsta R B&amp;B, hei\u00dfen G\u00f6ran Wiberg und Katarina Viberg Hedman. Nach gut 20 Jahre in \u00d6rebro entschieden wir uns, die Tretm\u00fchle des Alltags zu verlassen und im verbleibenden Teil unseres Berufslebens etwas gemeinsam zu machen. Im Februar 2020 entdeckten wir unser Traumhaus hier [&hellip;]","og_url":"https:\/\/lyrsta.se\/de\/om-oss\/","og_site_name":"Lyrsta R B&amp;B","article_modified_time":"2023-05-15T13:29:15+00:00","og_image":[{"url":"https:\/\/lyrsta.se\/wp-content\/uploads\/2021\/05\/Huset-version-2-1024x532.jpg"}],"twitter_card":"summary_large_image","twitter_misc":{"Gesch\u00e4tzte Lesezeit":"2\u00a0Minuten"},"schema":{"@context":"https:\/\/schema.org","@graph":[{"@type":"WebPage","@id":"https:\/\/lyrsta.se\/de\/om-oss\/","url":"https:\/\/lyrsta.se\/de\/om-oss\/","name":"\u00dcber uns &bull; Lyrsta R B&amp;B","isPartOf":{"@id":"https:\/\/lyrsta.se\/de\/#website"},"datePublished":"2021-02-08T13:35:09+00:00","dateModified":"2023-05-15T13:29:15+00:00","breadcrumb":{"@id":"https:\/\/lyrsta.se\/de\/om-oss\/#breadcrumb"},"inLanguage":"de","potentialAction":[{"@type":"ReadAction","target":["https:\/\/lyrsta.se\/de\/om-oss\/"]}]},{"@type":"BreadcrumbList","@id":"https:\/\/lyrsta.se\/de\/om-oss\/#breadcrumb","itemListElement":[{"@type":"ListItem","position":1,"name":"Hem","item":"https:\/\/lyrsta.se\/de\/"},{"@type":"ListItem","position":2,"name":"\u00dcber uns"}]},{"@type":"WebSite","@id":"https:\/\/lyrsta.se\/de\/#website","url":"https:\/\/lyrsta.se\/de\/","name":"Lyrsta R B&amp;B","description":"lyrsta","publisher":{"@id":"https:\/\/lyrsta.se\/de\/#organization"},"potentialAction":[{"@type":"SearchAction","target":{"@type":"EntryPoint","urlTemplate":"https:\/\/lyrsta.se\/de\/?s={search_term_string}"},"query-input":"required name=search_term_string"}],"inLanguage":"de"},{"@type":"Organization","@id":"https:\/\/lyrsta.se\/de\/#organization","name":"Lyrsta R B&B","url":"https:\/\/lyrsta.se\/de\/","logo":{"@type":"ImageObject","inLanguage":"de","@id":"https:\/\/lyrsta.se\/de\/#\/schema\/logo\/image\/","url":"https:\/\/lyrsta.se\/wp-content\/uploads\/2021\/02\/base_logo_transparent_background.png","contentUrl":"https:\/\/lyrsta.se\/wp-content\/uploads\/2021\/02\/base_logo_transparent_background.png","width":3125,"height":1875,"caption":"Lyrsta R B&B"},"image":{"@id":"https:\/\/lyrsta.se\/de\/#\/schema\/logo\/image\/"}}]}},"_links":{"self":[{"href":"https:\/\/lyrsta.se\/de\/wp-json\/wp\/v2\/pages\/1535","targetHints":{"allow":["GET"]}}],"collection":[{"href":"https:\/\/lyrsta.se\/de\/wp-json\/wp\/v2\/pages"}],"about":[{"href":"https:\/\/lyrsta.se\/de\/wp-json\/wp\/v2\/types\/page"}],"author":[{"embeddable":true,"href":"https:\/\/lyrsta.se\/de\/wp-json\/wp\/v2\/users\/1"}],"replies":[{"embeddable":true,"href":"https:\/\/lyrsta.se\/de\/wp-json\/wp\/v2\/comments?post=1535"}],"version-history":[{"count":4,"href":"https:\/\/lyrsta.se\/de\/wp-json\/wp\/v2\/pages\/1535\/revisions"}],"predecessor-version":[{"id":1654,"href":"https:\/\/lyrsta.se\/de\/wp-json\/wp\/v2\/pages\/1535\/revisions\/1654"}],"wp:attachment":[{"href":"https:\/\/lyrsta.se\/de\/wp-json\/wp\/v2\/media?parent=1535"}],"curies":[{"name":"wp","href":"https:\/\/api.w.org\/{rel}","templated":true}]}}