{"id":1539,"date":"2021-02-08T12:52:24","date_gmt":"2021-02-08T12:52:24","guid":{"rendered":"https:\/\/lyrsta.se\/privacy-policy\/"},"modified":"2023-05-16T05:38:38","modified_gmt":"2023-05-16T05:38:38","slug":"privacy-policy","status":"publish","type":"page","link":"https:\/\/lyrsta.se\/de\/privacy-policy\/","title":{"rendered":"Richtlinie zu personenbezogenen Daten"},"content":{"rendered":"\n<p>Pers\u00f6nliche <br>Daten Wenn Sie kommentieren oder eine Mailingliste abonnieren, fragen wir nach Ihrem Namen und Ihrer E-Mail-Adresse. Wenn Sie ein Produkt kaufen, fragen wir ebenfalls nach Ihrem Namen und Ihrer E-Mail-Adresse, und wir k\u00f6nnen weitere Informationen wie Ihre Webadresse erhalten. Ihre E-Mail-Adresse und andere Daten werden nur genutzt, um Sie \u00fcber Neuigkeiten zu Lyrsta zu informieren. Ihre pers\u00f6nlichen Daten werden zu keinem Zweck an andere Personen weitergegeben.<\/p>\n\n\n\n<p>Sicherheit <br>Diese Website verf\u00fcgt \u00fcber Sicherheitsma\u00dfnahmen zum Schutz vor Verlust, Missbrauch und \u00c4nderung von Informationen, die unter unserer Kontrolle stehen.<\/p>\n\n\n\n<p>Lyrsta R B&amp;B kontaktieren <br>Falls Sie Fragen hinsichtlich dieser Datenschutzerkl\u00e4rung haben, k\u00f6nnen Sie unser <a href=\"https:\/\/lyrsta.se\/de\/kontakt-och-hitta-hit\/\">Kontaktformular<\/a> auf dieser Website verwenden.<\/p>\n","protected":false},"excerpt":{"rendered":"<p>Pers\u00f6nliche Daten Wenn Sie kommentieren oder eine Mailingliste abonnieren, fragen wir nach Ihrem Namen und Ihrer E-Mail-Adresse. Wenn Sie ein Produkt kaufen, fragen wir ebenfalls nach Ihrem Namen und Ihrer E-Mail-Adresse, und wir k\u00f6nnen weitere Informationen wie Ihre Webadresse erhalten. Ihre E-Mail-Adresse und andere Daten werden nur genutzt, um Sie \u00fcber Neuigkeiten zu Lyrsta zu [&hellip;]<\/p>\n","protected":false},"author":1,"featured_media":0,"parent":0,"menu_order":0,"comment_status":"closed","ping_status":"open","template":"","meta":{"footnotes":""},"class_list":["post-1539","page","type-page","status-publish","hentry"],"yoast_head":"<!-- This site is optimized with the Yoast SEO plugin v20.8 - https:\/\/yoast.com\/wordpress\/plugins\/seo\/ -->\n<title>Richtlinie zu personenbezogenen Daten &bull; Lyrsta R B&amp;B<\/title>\n<meta name=\"robots\" content=\"index, follow, max-snippet:-1, max-image-preview:large, max-video-preview:-1\" \/>\n<link rel=\"canonical\" href=\"https:\/\/lyrsta.se\/de\/privacy-policy\/\" \/>\n<meta property=\"og:locale\" content=\"de_DE\" \/>\n<meta property=\"og:type\" content=\"article\" \/>\n<meta property=\"og:title\" content=\"Richtlinie zu personenbezogenen Daten &bull; Lyrsta R B&amp;B\" \/>\n<meta property=\"og:description\" content=\"Pers\u00f6nliche Daten Wenn Sie kommentieren oder eine Mailingliste abonnieren, fragen wir nach Ihrem Namen und Ihrer E-Mail-Adresse. Wenn Sie ein Produkt kaufen, fragen wir ebenfalls nach Ihrem Namen und Ihrer E-Mail-Adresse, und wir k\u00f6nnen weitere Informationen wie Ihre Webadresse erhalten. Ihre E-Mail-Adresse und andere Daten werden nur genutzt, um Sie \u00fcber Neuigkeiten zu Lyrsta zu [&hellip;]\" \/>\n<meta property=\"og:url\" content=\"https:\/\/lyrsta.se\/de\/privacy-policy\/\" \/>\n<meta property=\"og:site_name\" content=\"Lyrsta R B&amp;B\" \/>\n<meta property=\"article:modified_time\" content=\"2023-05-16T05:38:38+00:00\" \/>\n<meta name=\"twitter:card\" content=\"summary_large_image\" \/>\n<meta name=\"twitter:label1\" content=\"Gesch\u00e4tzte Lesezeit\" \/>\n\t<meta name=\"twitter:data1\" content=\"1\u00a0Minute\" \/>\n<script type=\"application\/ld+json\" class=\"yoast-schema-graph\">{\"@context\":\"https:\/\/schema.org\",\"@graph\":[{\"@type\":\"WebPage\",\"@id\":\"https:\/\/lyrsta.se\/de\/privacy-policy\/\",\"url\":\"https:\/\/lyrsta.se\/de\/privacy-policy\/\",\"name\":\"Richtlinie zu personenbezogenen Daten &bull; Lyrsta R B&amp;B\",\"isPartOf\":{\"@id\":\"https:\/\/lyrsta.se\/de\/#website\"},\"datePublished\":\"2021-02-08T12:52:24+00:00\",\"dateModified\":\"2023-05-16T05:38:38+00:00\",\"breadcrumb\":{\"@id\":\"https:\/\/lyrsta.se\/de\/privacy-policy\/#breadcrumb\"},\"inLanguage\":\"de\",\"potentialAction\":[{\"@type\":\"ReadAction\",\"target\":[\"https:\/\/lyrsta.se\/de\/privacy-policy\/\"]}]},{\"@type\":\"BreadcrumbList\",\"@id\":\"https:\/\/lyrsta.se\/de\/privacy-policy\/#breadcrumb\",\"itemListElement\":[{\"@type\":\"ListItem\",\"position\":1,\"name\":\"Hem\",\"item\":\"https:\/\/lyrsta.se\/de\/\"},{\"@type\":\"ListItem\",\"position\":2,\"name\":\"Richtlinie zu personenbezogenen Daten\"}]},{\"@type\":\"WebSite\",\"@id\":\"https:\/\/lyrsta.se\/de\/#website\",\"url\":\"https:\/\/lyrsta.se\/de\/\",\"name\":\"Lyrsta R B&amp;B\",\"description\":\"lyrsta\",\"publisher\":{\"@id\":\"https:\/\/lyrsta.se\/de\/#organization\"},\"potentialAction\":[{\"@type\":\"SearchAction\",\"target\":{\"@type\":\"EntryPoint\",\"urlTemplate\":\"https:\/\/lyrsta.se\/de\/?s={search_term_string}\"},\"query-input\":\"required name=search_term_string\"}],\"inLanguage\":\"de\"},{\"@type\":\"Organization\",\"@id\":\"https:\/\/lyrsta.se\/de\/#organization\",\"name\":\"Lyrsta R B&B\",\"url\":\"https:\/\/lyrsta.se\/de\/\",\"logo\":{\"@type\":\"ImageObject\",\"inLanguage\":\"de\",\"@id\":\"https:\/\/lyrsta.se\/de\/#\/schema\/logo\/image\/\",\"url\":\"https:\/\/lyrsta.se\/wp-content\/uploads\/2021\/02\/base_logo_transparent_background.png\",\"contentUrl\":\"https:\/\/lyrsta.se\/wp-content\/uploads\/2021\/02\/base_logo_transparent_background.png\",\"width\":3125,\"height\":1875,\"caption\":\"Lyrsta R B&B\"},\"image\":{\"@id\":\"https:\/\/lyrsta.se\/de\/#\/schema\/logo\/image\/\"}}]}<\/script>\n<!-- \/ Yoast SEO plugin. -->","yoast_head_json":{"title":"Richtlinie zu personenbezogenen Daten &bull; Lyrsta R B&amp;B","robots":{"index":"index","follow":"follow","max-snippet":"max-snippet:-1","max-image-preview":"max-image-preview:large","max-video-preview":"max-video-preview:-1"},"canonical":"https:\/\/lyrsta.se\/de\/privacy-policy\/","og_locale":"de_DE","og_type":"article","og_title":"Richtlinie zu personenbezogenen Daten &bull; Lyrsta R B&amp;B","og_description":"Pers\u00f6nliche Daten Wenn Sie kommentieren oder eine Mailingliste abonnieren, fragen wir nach Ihrem Namen und Ihrer E-Mail-Adresse. Wenn Sie ein Produkt kaufen, fragen wir ebenfalls nach Ihrem Namen und Ihrer E-Mail-Adresse, und wir k\u00f6nnen weitere Informationen wie Ihre Webadresse erhalten. Ihre E-Mail-Adresse und andere Daten werden nur genutzt, um Sie \u00fcber Neuigkeiten zu Lyrsta zu [&hellip;]","og_url":"https:\/\/lyrsta.se\/de\/privacy-policy\/","og_site_name":"Lyrsta R B&amp;B","article_modified_time":"2023-05-16T05:38:38+00:00","twitter_card":"summary_large_image","twitter_misc":{"Gesch\u00e4tzte Lesezeit":"1\u00a0Minute"},"schema":{"@context":"https:\/\/schema.org","@graph":[{"@type":"WebPage","@id":"https:\/\/lyrsta.se\/de\/privacy-policy\/","url":"https:\/\/lyrsta.se\/de\/privacy-policy\/","name":"Richtlinie zu personenbezogenen Daten &bull; Lyrsta R B&amp;B","isPartOf":{"@id":"https:\/\/lyrsta.se\/de\/#website"},"datePublished":"2021-02-08T12:52:24+00:00","dateModified":"2023-05-16T05:38:38+00:00","breadcrumb":{"@id":"https:\/\/lyrsta.se\/de\/privacy-policy\/#breadcrumb"},"inLanguage":"de","potentialAction":[{"@type":"ReadAction","target":["https:\/\/lyrsta.se\/de\/privacy-policy\/"]}]},{"@type":"BreadcrumbList","@id":"https:\/\/lyrsta.se\/de\/privacy-policy\/#breadcrumb","itemListElement":[{"@type":"ListItem","position":1,"name":"Hem","item":"https:\/\/lyrsta.se\/de\/"},{"@type":"ListItem","position":2,"name":"Richtlinie zu personenbezogenen Daten"}]},{"@type":"WebSite","@id":"https:\/\/lyrsta.se\/de\/#website","url":"https:\/\/lyrsta.se\/de\/","name":"Lyrsta R B&amp;B","description":"lyrsta","publisher":{"@id":"https:\/\/lyrsta.se\/de\/#organization"},"potentialAction":[{"@type":"SearchAction","target":{"@type":"EntryPoint","urlTemplate":"https:\/\/lyrsta.se\/de\/?s={search_term_string}"},"query-input":"required name=search_term_string"}],"inLanguage":"de"},{"@type":"Organization","@id":"https:\/\/lyrsta.se\/de\/#organization","name":"Lyrsta R B&B","url":"https:\/\/lyrsta.se\/de\/","logo":{"@type":"ImageObject","inLanguage":"de","@id":"https:\/\/lyrsta.se\/de\/#\/schema\/logo\/image\/","url":"https:\/\/lyrsta.se\/wp-content\/uploads\/2021\/02\/base_logo_transparent_background.png","contentUrl":"https:\/\/lyrsta.se\/wp-content\/uploads\/2021\/02\/base_logo_transparent_background.png","width":3125,"height":1875,"caption":"Lyrsta R B&B"},"image":{"@id":"https:\/\/lyrsta.se\/de\/#\/schema\/logo\/image\/"}}]}},"_links":{"self":[{"href":"https:\/\/lyrsta.se\/de\/wp-json\/wp\/v2\/pages\/1539","targetHints":{"allow":["GET"]}}],"collection":[{"href":"https:\/\/lyrsta.se\/de\/wp-json\/wp\/v2\/pages"}],"about":[{"href":"https:\/\/lyrsta.se\/de\/wp-json\/wp\/v2\/types\/page"}],"author":[{"embeddable":true,"href":"https:\/\/lyrsta.se\/de\/wp-json\/wp\/v2\/users\/1"}],"replies":[{"embeddable":true,"href":"https:\/\/lyrsta.se\/de\/wp-json\/wp\/v2\/comments?post=1539"}],"version-history":[{"count":2,"href":"https:\/\/lyrsta.se\/de\/wp-json\/wp\/v2\/pages\/1539\/revisions"}],"predecessor-version":[{"id":1680,"href":"https:\/\/lyrsta.se\/de\/wp-json\/wp\/v2\/pages\/1539\/revisions\/1680"}],"wp:attachment":[{"href":"https:\/\/lyrsta.se\/de\/wp-json\/wp\/v2\/media?parent=1539"}],"curies":[{"name":"wp","href":"https:\/\/api.w.org\/{rel}","templated":true}]}}