{"id":1825,"date":"2023-06-12T06:04:12","date_gmt":"2023-06-12T06:04:12","guid":{"rendered":"https:\/\/lyrsta.se\/stallplatser-for-husbil\/"},"modified":"2023-06-12T06:10:38","modified_gmt":"2023-06-12T06:10:38","slug":"stallplatser-for-husbil","status":"publish","type":"page","link":"https:\/\/lyrsta.se\/de\/stallplatser-for-husbil\/","title":{"rendered":"Stellpl\u00e4tze f\u00fcr Wohnmobile"},"content":{"rendered":"\t\t<div data-elementor-type=\"wp-page\" data-elementor-id=\"1825\" class=\"elementor elementor-1825 elementor-1818\">\n\t\t\t\t\t\t<div class=\"elementor-inner\">\n\t\t\t\t<div class=\"elementor-section-wrap\">\n\t\t\t\t\t\t\t\t\t<section class=\"elementor-section elementor-top-section elementor-element elementor-element-1897a68 elementor-section-boxed elementor-section-height-default elementor-section-height-default\" data-id=\"1897a68\" data-element_type=\"section\">\n\t\t\t\t\t\t<div class=\"elementor-container elementor-column-gap-default\">\n\t\t\t\t\t\t\t<div class=\"elementor-row\">\n\t\t\t\t\t<div class=\"elementor-column elementor-col-50 elementor-top-column elementor-element elementor-element-25a69b4\" data-id=\"25a69b4\" data-element_type=\"column\">\n\t\t\t<div class=\"elementor-column-wrap elementor-element-populated\">\n\t\t\t\t\t\t\t<div class=\"elementor-widget-wrap\">\n\t\t\t\t\t\t<div class=\"elementor-element elementor-element-b3861f2 elementor-widget elementor-widget-text-editor\" data-id=\"b3861f2\" data-element_type=\"widget\" data-widget_type=\"text-editor.default\">\n\t\t\t\t<div class=\"elementor-widget-container\">\n\t\t\t\t\t\t\t\t<div class=\"elementor-text-editor elementor-clearfix\">\n\t\t\t\t<p>Bei uns sind vier Stellpl\u00e4tze mit Stromanschluss vorhanden. Unsere Wohnmobilg\u00e4ste d\u00fcrfen den Pool und die Sonnenterrasse im Garten benutzen. Im Hauptgeb\u00e4ude ist ein gro\u00dfes Badezimmer verf\u00fcgbar, wo man Duschen, Waschen und Geschirrsp\u00fclen kann.<\/p><p>Je nach Verf\u00fcgbarkeit kann ein Fr\u00fchst\u00fcck, welches man im herrlichen Garten genie\u00dfen kann, gebucht werden.<\/p><p><strong>Preise<\/strong>: <br \/>Stellplatz: 300 SEK pro Nacht, inkl. Stromanschluss<br \/>Fr\u00fchst\u00fcck: 100 SEK pro Person<\/p><p><strong>Buchung<\/strong>: Nehmen Sie <strong>Kontakt<\/strong> auf mit uns.<\/p>\t\t\t\t\t<\/div>\n\t\t\t\t\t\t<\/div>\n\t\t\t\t<\/div>\n\t\t\t\t\t\t<\/div>\n\t\t\t\t\t<\/div>\n\t\t<\/div>\n\t\t\t\t<div class=\"elementor-column elementor-col-50 elementor-top-column elementor-element elementor-element-764f02f\" data-id=\"764f02f\" data-element_type=\"column\">\n\t\t\t<div class=\"elementor-column-wrap elementor-element-populated\">\n\t\t\t\t\t\t\t<div class=\"elementor-widget-wrap\">\n\t\t\t\t\t\t<div class=\"elementor-element elementor-element-6ac17f7 elementor-widget elementor-widget-image\" data-id=\"6ac17f7\" data-element_type=\"widget\" data-widget_type=\"image.default\">\n\t\t\t\t<div class=\"elementor-widget-container\">\n\t\t\t\t\t\t\t\t<div class=\"elementor-image\">\n\t\t\t\t\t\t\t\t\t\t\t\t<img decoding=\"async\" src=\"https:\/\/lyrsta.se\/wp-content\/uploads\/2023\/06\/Husbilsbild.jpeg\" title=\"Husbilsbild\" alt=\"Husbilsbild\" loading=\"lazy\" \/>\t\t\t\t\t\t\t\t\t\t\t\t\t\t<\/div>\n\t\t\t\t\t\t<\/div>\n\t\t\t\t<\/div>\n\t\t\t\t\t\t<\/div>\n\t\t\t\t\t<\/div>\n\t\t<\/div>\n\t\t\t\t\t\t\t\t<\/div>\n\t\t\t\t\t<\/div>\n\t\t<\/section>\n\t\t\t\t\t\t\t\t\t<\/div>\n\t\t\t<\/div>\n\t\t\t\t\t<\/div>\n\t\t","protected":false},"excerpt":{"rendered":"<p>Bei uns sind vier Stellpl\u00e4tze mit Stromanschluss vorhanden. Unsere Wohnmobilg\u00e4ste d\u00fcrfen den Pool und die Sonnenterrasse im Garten benutzen. Im Hauptgeb\u00e4ude ist ein gro\u00dfes Badezimmer verf\u00fcgbar, wo man Duschen, Waschen und Geschirrsp\u00fclen kann. Je nach Verf\u00fcgbarkeit kann ein Fr\u00fchst\u00fcck, welches man im herrlichen Garten genie\u00dfen kann, gebucht werden. Preise: Stellplatz: 300 SEK pro Nacht, inkl. [&hellip;]<\/p>\n","protected":false},"author":1,"featured_media":0,"parent":0,"menu_order":0,"comment_status":"closed","ping_status":"closed","template":"","meta":{"footnotes":""},"class_list":["post-1825","page","type-page","status-publish","hentry"],"yoast_head":"<!-- This site is optimized with the Yoast SEO plugin v20.8 - https:\/\/yoast.com\/wordpress\/plugins\/seo\/ -->\n<title>Stellpl\u00e4tze f\u00fcr Wohnmobile &bull; Lyrsta R B&amp;B<\/title>\n<meta name=\"robots\" content=\"index, follow, max-snippet:-1, max-image-preview:large, max-video-preview:-1\" \/>\n<link rel=\"canonical\" href=\"https:\/\/lyrsta.se\/de\/stallplatser-for-husbil\/\" \/>\n<meta property=\"og:locale\" content=\"de_DE\" \/>\n<meta property=\"og:type\" content=\"article\" \/>\n<meta property=\"og:title\" content=\"Stellpl\u00e4tze f\u00fcr Wohnmobile &bull; Lyrsta R B&amp;B\" \/>\n<meta property=\"og:description\" content=\"Bei uns sind vier Stellpl\u00e4tze mit Stromanschluss vorhanden. Unsere Wohnmobilg\u00e4ste d\u00fcrfen den Pool und die Sonnenterrasse im Garten benutzen. Im Hauptgeb\u00e4ude ist ein gro\u00dfes Badezimmer verf\u00fcgbar, wo man Duschen, Waschen und Geschirrsp\u00fclen kann. Je nach Verf\u00fcgbarkeit kann ein Fr\u00fchst\u00fcck, welches man im herrlichen Garten genie\u00dfen kann, gebucht werden. Preise: Stellplatz: 300 SEK pro Nacht, inkl. [&hellip;]\" \/>\n<meta property=\"og:url\" content=\"https:\/\/lyrsta.se\/de\/stallplatser-for-husbil\/\" \/>\n<meta property=\"og:site_name\" content=\"Lyrsta R B&amp;B\" \/>\n<meta property=\"article:modified_time\" content=\"2023-06-12T06:10:38+00:00\" \/>\n<meta property=\"og:image\" content=\"https:\/\/lyrsta.se\/wp-content\/uploads\/2023\/06\/Husbilsbild.jpeg\" \/>\n<meta name=\"twitter:card\" content=\"summary_large_image\" \/>\n<meta name=\"twitter:label1\" content=\"Gesch\u00e4tzte Lesezeit\" \/>\n\t<meta name=\"twitter:data1\" content=\"1\u00a0Minute\" \/>\n<script type=\"application\/ld+json\" class=\"yoast-schema-graph\">{\"@context\":\"https:\/\/schema.org\",\"@graph\":[{\"@type\":\"WebPage\",\"@id\":\"https:\/\/lyrsta.se\/de\/stallplatser-for-husbil\/\",\"url\":\"https:\/\/lyrsta.se\/de\/stallplatser-for-husbil\/\",\"name\":\"Stellpl\u00e4tze f\u00fcr Wohnmobile &bull; Lyrsta R B&amp;B\",\"isPartOf\":{\"@id\":\"https:\/\/lyrsta.se\/de\/#website\"},\"datePublished\":\"2023-06-12T06:04:12+00:00\",\"dateModified\":\"2023-06-12T06:10:38+00:00\",\"breadcrumb\":{\"@id\":\"https:\/\/lyrsta.se\/de\/stallplatser-for-husbil\/#breadcrumb\"},\"inLanguage\":\"de\",\"potentialAction\":[{\"@type\":\"ReadAction\",\"target\":[\"https:\/\/lyrsta.se\/de\/stallplatser-for-husbil\/\"]}]},{\"@type\":\"BreadcrumbList\",\"@id\":\"https:\/\/lyrsta.se\/de\/stallplatser-for-husbil\/#breadcrumb\",\"itemListElement\":[{\"@type\":\"ListItem\",\"position\":1,\"name\":\"Hem\",\"item\":\"https:\/\/lyrsta.se\/de\/\"},{\"@type\":\"ListItem\",\"position\":2,\"name\":\"Stellpl\u00e4tze f\u00fcr Wohnmobile\"}]},{\"@type\":\"WebSite\",\"@id\":\"https:\/\/lyrsta.se\/de\/#website\",\"url\":\"https:\/\/lyrsta.se\/de\/\",\"name\":\"Lyrsta R B&amp;B\",\"description\":\"lyrsta\",\"publisher\":{\"@id\":\"https:\/\/lyrsta.se\/de\/#organization\"},\"potentialAction\":[{\"@type\":\"SearchAction\",\"target\":{\"@type\":\"EntryPoint\",\"urlTemplate\":\"https:\/\/lyrsta.se\/de\/?s={search_term_string}\"},\"query-input\":\"required name=search_term_string\"}],\"inLanguage\":\"de\"},{\"@type\":\"Organization\",\"@id\":\"https:\/\/lyrsta.se\/de\/#organization\",\"name\":\"Lyrsta R B&B\",\"url\":\"https:\/\/lyrsta.se\/de\/\",\"logo\":{\"@type\":\"ImageObject\",\"inLanguage\":\"de\",\"@id\":\"https:\/\/lyrsta.se\/de\/#\/schema\/logo\/image\/\",\"url\":\"https:\/\/lyrsta.se\/wp-content\/uploads\/2021\/02\/base_logo_transparent_background.png\",\"contentUrl\":\"https:\/\/lyrsta.se\/wp-content\/uploads\/2021\/02\/base_logo_transparent_background.png\",\"width\":3125,\"height\":1875,\"caption\":\"Lyrsta R B&B\"},\"image\":{\"@id\":\"https:\/\/lyrsta.se\/de\/#\/schema\/logo\/image\/\"}}]}<\/script>\n<!-- \/ Yoast SEO plugin. -->","yoast_head_json":{"title":"Stellpl\u00e4tze f\u00fcr Wohnmobile &bull; Lyrsta R B&amp;B","robots":{"index":"index","follow":"follow","max-snippet":"max-snippet:-1","max-image-preview":"max-image-preview:large","max-video-preview":"max-video-preview:-1"},"canonical":"https:\/\/lyrsta.se\/de\/stallplatser-for-husbil\/","og_locale":"de_DE","og_type":"article","og_title":"Stellpl\u00e4tze f\u00fcr Wohnmobile &bull; Lyrsta R B&amp;B","og_description":"Bei uns sind vier Stellpl\u00e4tze mit Stromanschluss vorhanden. Unsere Wohnmobilg\u00e4ste d\u00fcrfen den Pool und die Sonnenterrasse im Garten benutzen. Im Hauptgeb\u00e4ude ist ein gro\u00dfes Badezimmer verf\u00fcgbar, wo man Duschen, Waschen und Geschirrsp\u00fclen kann. Je nach Verf\u00fcgbarkeit kann ein Fr\u00fchst\u00fcck, welches man im herrlichen Garten genie\u00dfen kann, gebucht werden. Preise: Stellplatz: 300 SEK pro Nacht, inkl. [&hellip;]","og_url":"https:\/\/lyrsta.se\/de\/stallplatser-for-husbil\/","og_site_name":"Lyrsta R B&amp;B","article_modified_time":"2023-06-12T06:10:38+00:00","og_image":[{"url":"https:\/\/lyrsta.se\/wp-content\/uploads\/2023\/06\/Husbilsbild.jpeg"}],"twitter_card":"summary_large_image","twitter_misc":{"Gesch\u00e4tzte Lesezeit":"1\u00a0Minute"},"schema":{"@context":"https:\/\/schema.org","@graph":[{"@type":"WebPage","@id":"https:\/\/lyrsta.se\/de\/stallplatser-for-husbil\/","url":"https:\/\/lyrsta.se\/de\/stallplatser-for-husbil\/","name":"Stellpl\u00e4tze f\u00fcr Wohnmobile &bull; Lyrsta R B&amp;B","isPartOf":{"@id":"https:\/\/lyrsta.se\/de\/#website"},"datePublished":"2023-06-12T06:04:12+00:00","dateModified":"2023-06-12T06:10:38+00:00","breadcrumb":{"@id":"https:\/\/lyrsta.se\/de\/stallplatser-for-husbil\/#breadcrumb"},"inLanguage":"de","potentialAction":[{"@type":"ReadAction","target":["https:\/\/lyrsta.se\/de\/stallplatser-for-husbil\/"]}]},{"@type":"BreadcrumbList","@id":"https:\/\/lyrsta.se\/de\/stallplatser-for-husbil\/#breadcrumb","itemListElement":[{"@type":"ListItem","position":1,"name":"Hem","item":"https:\/\/lyrsta.se\/de\/"},{"@type":"ListItem","position":2,"name":"Stellpl\u00e4tze f\u00fcr Wohnmobile"}]},{"@type":"WebSite","@id":"https:\/\/lyrsta.se\/de\/#website","url":"https:\/\/lyrsta.se\/de\/","name":"Lyrsta R B&amp;B","description":"lyrsta","publisher":{"@id":"https:\/\/lyrsta.se\/de\/#organization"},"potentialAction":[{"@type":"SearchAction","target":{"@type":"EntryPoint","urlTemplate":"https:\/\/lyrsta.se\/de\/?s={search_term_string}"},"query-input":"required name=search_term_string"}],"inLanguage":"de"},{"@type":"Organization","@id":"https:\/\/lyrsta.se\/de\/#organization","name":"Lyrsta R B&B","url":"https:\/\/lyrsta.se\/de\/","logo":{"@type":"ImageObject","inLanguage":"de","@id":"https:\/\/lyrsta.se\/de\/#\/schema\/logo\/image\/","url":"https:\/\/lyrsta.se\/wp-content\/uploads\/2021\/02\/base_logo_transparent_background.png","contentUrl":"https:\/\/lyrsta.se\/wp-content\/uploads\/2021\/02\/base_logo_transparent_background.png","width":3125,"height":1875,"caption":"Lyrsta R B&B"},"image":{"@id":"https:\/\/lyrsta.se\/de\/#\/schema\/logo\/image\/"}}]}},"_links":{"self":[{"href":"https:\/\/lyrsta.se\/de\/wp-json\/wp\/v2\/pages\/1825","targetHints":{"allow":["GET"]}}],"collection":[{"href":"https:\/\/lyrsta.se\/de\/wp-json\/wp\/v2\/pages"}],"about":[{"href":"https:\/\/lyrsta.se\/de\/wp-json\/wp\/v2\/types\/page"}],"author":[{"embeddable":true,"href":"https:\/\/lyrsta.se\/de\/wp-json\/wp\/v2\/users\/1"}],"replies":[{"embeddable":true,"href":"https:\/\/lyrsta.se\/de\/wp-json\/wp\/v2\/comments?post=1825"}],"version-history":[{"count":6,"href":"https:\/\/lyrsta.se\/de\/wp-json\/wp\/v2\/pages\/1825\/revisions"}],"predecessor-version":[{"id":1836,"href":"https:\/\/lyrsta.se\/de\/wp-json\/wp\/v2\/pages\/1825\/revisions\/1836"}],"wp:attachment":[{"href":"https:\/\/lyrsta.se\/de\/wp-json\/wp\/v2\/media?parent=1825"}],"curies":[{"name":"wp","href":"https:\/\/api.w.org\/{rel}","templated":true}]}}